{"id":3467,"date":"2016-12-05T22:57:47","date_gmt":"2016-12-05T20:57:47","guid":{"rendered":"https:\/\/mouseio-psomiou.com\/to-mouseio\/"},"modified":"2024-06-04T16:33:20","modified_gmt":"2024-06-04T13:33:20","slug":"to-mouseio","status":"publish","type":"page","link":"https:\/\/mouseio-psomiou.com\/de\/to-mouseio\/","title":{"rendered":"Das Museum"},"content":{"rendered":"<p>Das <strong>Europ\u00e4ische Brotmuseum<\/strong> wurde <strong>2005<\/strong> gegr\u00fcndet und stellt die Fr\u00fcchte jahrelangen Sammelns mit Liebe und Leidenschaft aus.<\/p>\n<p>Ein altes Herrenhaus in Varnavas wurde zum <strong>Brotmuseum<\/strong> umgebaut und beherbergt mehr als <strong>3000 bestickte und verzierte Broterzeugnisse<\/strong> aus Griechenland und <strong>40 anderen L\u00e4ndern weltweit.<\/strong><\/p>\n<p style=\"max-width: 567px;\"><iframe loading=\"lazy\" src=\"https:\/\/www.youtube.com\/embed\/Y6mh41qFIvg\" width=\"560\" height=\"315\" frameborder=\"0\" allowfullscreen=\"allowfullscreen\"><\/iframe><\/p>\n<p><img loading=\"lazy\" decoding=\"async\" class=\"alignnone wp-image-69 size-full\" src=\"http:\/\/mouseio-psomiou.com\/wp-content\/uploads\/2016\/12\/mouseio1.jpg\" alt=\"mouseio1\" width=\"567\" height=\"378\" srcset=\"https:\/\/mouseio-psomiou.com\/wp-content\/uploads\/2016\/12\/mouseio1.jpg 567w, https:\/\/mouseio-psomiou.com\/wp-content\/uploads\/2016\/12\/mouseio1-300x200.jpg 300w\" sizes=\"(max-width: 567px) 100vw, 567px\" \/><\/p>\n<p>Ziel des Museums ist es, den Kindern den Zyklus des Brotes von der Aussaat \u00fcber das Kneten bis zum Verzehr n\u00e4her zu bringen und sie mit den zahllosen gestickten Brotmustern vertraut zu machen, die den jahrhundertelangen Weg des kostbarsten Gutes in jedem Haushalt, dem Brot, dokumentieren. Die gestickten Muster variierten von Region zu Region, und in manchen F\u00e4llen hatte sogar jede Familie ihre eigene Stickerei. Je nach Anlass gab es besondere Stickereien, zum Beispiel f\u00fcr Hochzeiten oder gro\u00dfe religi\u00f6se Feste.<\/p>\n<p><img loading=\"lazy\" decoding=\"async\" class=\"alignnone wp-image-70 size-full\" src=\"http:\/\/mouseio-psomiou.com\/wp-content\/uploads\/2016\/12\/mouseio2.jpg\" alt=\"mouseio2\" width=\"567\" height=\"378\" srcset=\"https:\/\/mouseio-psomiou.com\/wp-content\/uploads\/2016\/12\/mouseio2.jpg 567w, https:\/\/mouseio-psomiou.com\/wp-content\/uploads\/2016\/12\/mouseio2-300x200.jpg 300w\" sizes=\"(max-width: 567px) 100vw, 567px\" \/><\/p>\n<p><strong>Die Exponate<\/strong> des Europ\u00e4ischen Brotmuseums in Varnavas, Attika, in der Gemeinde Marathon, bilden die <strong>gr\u00f6\u00dfte Sammlung von besticktem und religi\u00f6sem Brot in Europa<\/strong>. Die <strong>3.000 verschiedenen Exponate<\/strong> decken das gesamte griechische Staatsgebiet sowie vierzig ausl\u00e4ndische L\u00e4nder ab und werden st\u00e4ndig erg\u00e4nzt und erweitert. Die Sammlung ist innovativ in Bezug auf Muster, Gr\u00f6\u00dfen und Formen.<\/p>\n<p><img loading=\"lazy\" decoding=\"async\" class=\"alignnone size-full wp-image-71\" src=\"http:\/\/mouseio-psomiou.com\/wp-content\/uploads\/2016\/12\/mouseio3.jpg\" alt=\"mouseio3\" width=\"567\" height=\"425\" srcset=\"https:\/\/mouseio-psomiou.com\/wp-content\/uploads\/2016\/12\/mouseio3.jpg 567w, https:\/\/mouseio-psomiou.com\/wp-content\/uploads\/2016\/12\/mouseio3-300x225.jpg 300w, https:\/\/mouseio-psomiou.com\/wp-content\/uploads\/2016\/12\/mouseio3-510x382.jpg 510w\" sizes=\"(max-width: 567px) 100vw, 567px\" \/><\/p>\n<p><strong>Eine seltene Sammlung mit p\u00e4dagogischem Charakter f\u00fcr Besucher aller Altersgruppen.<\/strong><\/p>\n<p><strong>In diesem einzigartigen Brotmuseum k\u00f6nnen Sie noch sehen:<\/strong><\/p>\n<ul>\n<li>Darstellung der Kultivierung des Landes (Aussaat, Anbau, Sammlung, Produktion, Messung, Transport).<\/li>\n<li>Darstellung des Brotkreislaufs (Herstellung, Formung, Stickerei, Backen)<\/li>\n<li>Gleichzeitig haben die Besucher die M\u00f6glichkeit, an einer F\u00fchrung durch die landwirtschaftlichen Ger\u00e4te teilzunehmen, so dass die \u00c4lteren sich erinnern und die J\u00fcngeren lernen k\u00f6nnen.<\/li>\n<\/ul>\n<p><img loading=\"lazy\" decoding=\"async\" class=\"alignnone size-full wp-image-72\" src=\"http:\/\/mouseio-psomiou.com\/wp-content\/uploads\/2016\/12\/mouseio4.jpg\" alt=\"mouseio4\" width=\"567\" height=\"378\" srcset=\"https:\/\/mouseio-psomiou.com\/wp-content\/uploads\/2016\/12\/mouseio4.jpg 567w, https:\/\/mouseio-psomiou.com\/wp-content\/uploads\/2016\/12\/mouseio4-300x200.jpg 300w\" sizes=\"(max-width: 567px) 100vw, 567px\" \/><\/p>\n<p><strong>Im Museum werden noch betrieben:<\/strong><\/p>\n<p>a) eine Ausstellung mit Kopien von gestickten Broten sowie einschl\u00e4giger Literatur<br \/>\nb) ein traditionelles Caf\u00e9 mit Kaffee und lokalen S\u00fc\u00dfigkeiten<br \/>\nc) ein Caf\u00e9 mit Kaffee und Kuchen (auf Anfrage) und ein Caf\u00e9 mit traditioneller lokaler K\u00fcche<\/p>\n<p><em>\u2022 Das Museum nimmt auch Bestellungen f\u00fcr Brote und Gastgeschenke f\u00fcr Taufen, Verlobungen und Hochzeiten entgegen.<\/em><\/p>\n<span class=\"et_bloom_bottom_trigger\"><\/span>","protected":false},"excerpt":{"rendered":"<p>Das Europ\u00e4ische Brotmuseum wurde 2005 gegr\u00fcndet und stellt die Fr\u00fcchte jahrelangen Sammelns mit Liebe und Leidenschaft aus. Ein altes Herrenhaus in Varnavas wurde zum Brotmuseum umgebaut und beherbergt mehr als 3000 bestickte und verzierte Broterzeugnisse aus Griechenland und 40 anderen L\u00e4ndern weltweit. Ziel des Museums ist es, den Kindern den Zyklus des Brotes von der [&hellip;]<\/p>\n","protected":false},"author":1,"featured_media":0,"parent":0,"menu_order":0,"comment_status":"closed","ping_status":"open","template":"","meta":{"_et_pb_use_builder":"","_et_pb_old_content":"","_et_gb_content_width":"","ngg_post_thumbnail":0,"footnotes":""},"class_list":["post-3467","page","type-page","status-publish","hentry"],"_links":{"self":[{"href":"https:\/\/mouseio-psomiou.com\/de\/wp-json\/wp\/v2\/pages\/3467","targetHints":{"allow":["GET"]}}],"collection":[{"href":"https:\/\/mouseio-psomiou.com\/de\/wp-json\/wp\/v2\/pages"}],"about":[{"href":"https:\/\/mouseio-psomiou.com\/de\/wp-json\/wp\/v2\/types\/page"}],"author":[{"embeddable":true,"href":"https:\/\/mouseio-psomiou.com\/de\/wp-json\/wp\/v2\/users\/1"}],"replies":[{"embeddable":true,"href":"https:\/\/mouseio-psomiou.com\/de\/wp-json\/wp\/v2\/comments?post=3467"}],"version-history":[{"count":4,"href":"https:\/\/mouseio-psomiou.com\/de\/wp-json\/wp\/v2\/pages\/3467\/revisions"}],"predecessor-version":[{"id":3475,"href":"https:\/\/mouseio-psomiou.com\/de\/wp-json\/wp\/v2\/pages\/3467\/revisions\/3475"}],"wp:attachment":[{"href":"https:\/\/mouseio-psomiou.com\/de\/wp-json\/wp\/v2\/media?parent=3467"}],"curies":[{"name":"wp","href":"https:\/\/api.w.org\/{rel}","templated":true}]}}