{"id":3476,"date":"2016-12-06T11:23:22","date_gmt":"2016-12-06T09:23:22","guid":{"rendered":"https:\/\/mouseio-psomiou.com\/oi-dromoi-tou-psomiou\/"},"modified":"2024-06-04T16:42:34","modified_gmt":"2024-06-04T13:42:34","slug":"oi-dromoi-tou-psomiou","status":"publish","type":"page","link":"https:\/\/mouseio-psomiou.com\/de\/oi-dromoi-tou-psomiou\/","title":{"rendered":"Die Stra\u00dfen des Brotes"},"content":{"rendered":"<p>[et_pb_section fb_built=&#8220;1&#8243; custom_padding_last_edited=&#8220;on|desktop&#8220; admin_label=&#8220;section&#8220; module_class=&#8220;topsection&#8220; _builder_version=&#8220;4.16&#8243; custom_padding_tablet=&#8220;50px|0|50px|0&#8243; custom_padding_phone=&#8220;&#8220; transparent_background=&#8220;off&#8220; padding_mobile=&#8220;off&#8220; make_fullwidth=&#8220;off&#8220; use_custom_width=&#8220;off&#8220; width_unit=&#8220;on&#8220; global_colors_info=&#8220;{}&#8220; theme_builder_area=&#8220;post_content&#8220;][et_pb_row column_structure=&#8220;2_3,1_3&#8243; padding_mobile=&#8220;off&#8220; column_padding_mobile=&#8220;on&#8220; admin_label=&#8220;row&#8220; _builder_version=&#8220;4.17.6&#8243; background_size=&#8220;initial&#8220; background_position=&#8220;top_left&#8220; background_repeat=&#8220;repeat&#8220; width=&#8220;100%&#8220; make_fullwidth=&#8220;off&#8220; use_custom_width=&#8220;off&#8220; width_unit=&#8220;on&#8220; global_colors_info=&#8220;{}&#8220; theme_builder_area=&#8220;post_content&#8220;][et_pb_column type=&#8220;2_3&#8243; _builder_version=&#8220;4.16&#8243; custom_padding=&#8220;|||&#8220; global_colors_info=&#8220;{}&#8220; custom_padding__hover=&#8220;|||&#8220; theme_builder_area=&#8220;post_content&#8220;][et_pb_text admin_label=&#8220;Text&#8220; _builder_version=&#8220;4.25.1&#8243; background_size=&#8220;initial&#8220; background_position=&#8220;top_left&#8220; background_repeat=&#8220;repeat&#8220; module_alignment=&#8220;left&#8220; hover_enabled=&#8220;0&#8243; use_border_color=&#8220;off&#8220; border_color=&#8220;#ffffff&#8220; border_style=&#8220;solid&#8220; global_colors_info=&#8220;{}&#8220; theme_builder_area=&#8220;post_content&#8220; sticky_enabled=&#8220;0&#8243;]Die Ausstellung \u201eThe Roads of Bread\u201c findet in verschiedenen Teilen Griechenlands und im Ausland statt und ist untrennbar mit der Umwelt und der Kunst verbunden, w\u00e4hrend ihr Ziel darin besteht, die Mutter Erde und das kulturelle Erbe unseres Landes zu erhalten, zu f\u00f6rdern und zu respektieren. Getreide, ein f\u00fcr die V\u00f6lker der Welt so wichtiges Gut der Erde und auch ein heiliges Produkt des Mittelmeerraums, kommt in dieser Ausstellung am besten zum Ausdruck. Die Kultivierung des Bodens, das Pfl\u00fcgen, die Aussaat, die Ernte, das Mahlen und das Backen verwandeln das Brot in ein Kunstwerk. Traditionelle Brote, wahre Kunstwerke, die auf Br\u00e4uchen (im Kreislauf des Lebens und der Zeit) aus Griechenland und anderen L\u00e4ndern beruhen, werden in dieser Ausstellung gezeigt, begleitet von Plakaten und Fotos, die den Anbau des Bodens darstellen.[\/et_pb_text][\/et_pb_column][et_pb_column type=&#8220;1_3&#8243; _builder_version=&#8220;4.16&#8243; custom_padding=&#8220;|||&#8220; global_colors_info=&#8220;{}&#8220; custom_padding__hover=&#8220;|||&#8220; theme_builder_area=&#8220;post_content&#8220;][et_pb_image src=&#8220;http:\/\/mouseio-psomiou.com\/wp-content\/uploads\/2016\/12\/dromoi1.jpg&#8220; align=&#8220;right&#8220; admin_label=&#8220;Image&#8220; module_class=&#8220;rightimage&#8220; _builder_version=&#8220;4.16&#8243; max_width_last_edited=&#8220;off|desktop&#8220; use_border_color=&#8220;off&#8220; border_color=&#8220;#ffffff&#8220; border_style=&#8220;solid&#8220; animation=&#8220;off&#8220; sticky=&#8220;off&#8220; always_center_on_mobile=&#8220;off&#8220; global_colors_info=&#8220;{}&#8220; theme_builder_area=&#8220;post_content&#8220;]<\/p>\n<p>\u00a0<\/p>\n<p>[\/et_pb_image][\/et_pb_column][\/et_pb_row][et_pb_row padding_mobile=&#8220;off&#8220; column_padding_mobile=&#8220;on&#8220; _builder_version=&#8220;4.17.6&#8243; background_size=&#8220;initial&#8220; background_position=&#8220;top_left&#8220; background_repeat=&#8220;repeat&#8220; width=&#8220;100%&#8220; make_fullwidth=&#8220;off&#8220; use_custom_width=&#8220;off&#8220; width_unit=&#8220;on&#8220; global_colors_info=&#8220;{}&#8220; theme_builder_area=&#8220;post_content&#8220;][et_pb_column type=&#8220;4_4&#8243; _builder_version=&#8220;4.16&#8243; custom_padding=&#8220;|||&#8220; global_colors_info=&#8220;{}&#8220; custom_padding__hover=&#8220;|||&#8220; theme_builder_area=&#8220;post_content&#8220;][et_pb_image src=&#8220;https:\/\/mouseio-psomiou.com\/wp-content\/uploads\/2018\/08\/dromoi2.jpg&#8220; align_tablet=&#8220;center&#8220; align_phone=&#8220;center&#8220; align_last_edited=&#8220;on|desktop&#8220; _builder_version=&#8220;4.16&#8243; use_border_color=&#8220;off&#8220; global_colors_info=&#8220;{}&#8220; theme_builder_area=&#8220;post_content&#8220;]<\/p>\n<p>\u00a0<\/p>\n<p>[\/et_pb_image][\/et_pb_column][\/et_pb_row][et_pb_row padding_mobile=&#8220;off&#8220; column_padding_mobile=&#8220;on&#8220; _builder_version=&#8220;4.17.6&#8243; background_size=&#8220;initial&#8220; background_position=&#8220;top_left&#8220; background_repeat=&#8220;repeat&#8220; width=&#8220;100%&#8220; custom_css_main_element=&#8220;padding-bottom:0px!important;&#8220; make_fullwidth=&#8220;off&#8220; use_custom_width=&#8220;off&#8220; width_unit=&#8220;on&#8220; global_colors_info=&#8220;{}&#8220; theme_builder_area=&#8220;post_content&#8220;][et_pb_column type=&#8220;4_4&#8243; _builder_version=&#8220;4.16&#8243; custom_padding=&#8220;|||&#8220; global_colors_info=&#8220;{}&#8220; custom_padding__hover=&#8220;|||&#8220; theme_builder_area=&#8220;post_content&#8220;][et_pb_text _builder_version=&#8220;4.25.1&#8243; background_size=&#8220;initial&#8220; background_position=&#8220;top_left&#8220; background_repeat=&#8220;repeat&#8220; module_alignment=&#8220;left&#8220; hover_enabled=&#8220;0&#8243; use_border_color=&#8220;off&#8220; border_color=&#8220;#ffffff&#8220; border_style=&#8220;solid&#8220; global_colors_info=&#8220;{}&#8220; theme_builder_area=&#8220;post_content&#8220; sticky_enabled=&#8220;0&#8243;]<\/p>\n<h2><em>Sehen Sie hier die &#8222;Stra\u00dfen des Brotes\u201c im Detail<\/em>&#8230;<\/h2>\n<p>[\/et_pb_text][\/et_pb_column][\/et_pb_row][et_pb_row column_structure=&#8220;1_2,1_2&#8243; padding_mobile=&#8220;off&#8220; column_padding_mobile=&#8220;on&#8220; _builder_version=&#8220;4.17.6&#8243; background_size=&#8220;initial&#8220; background_position=&#8220;top_left&#8220; background_repeat=&#8220;repeat&#8220; width=&#8220;100%&#8220; custom_css_main_element=&#8220;padding-top:0!important;&#8220; make_fullwidth=&#8220;off&#8220; use_custom_width=&#8220;off&#8220; width_unit=&#8220;on&#8220; global_colors_info=&#8220;{}&#8220; theme_builder_area=&#8220;post_content&#8220;][et_pb_column type=&#8220;1_2&#8243; module_class=&#8220;psomigrid&#8220; _builder_version=&#8220;4.16&#8243; custom_padding=&#8220;|||&#8220; custom_css_main_element=&#8220;margin-right:2.9%!important;&#8220; global_colors_info=&#8220;{}&#8220; custom_padding__hover=&#8220;|||&#8220; theme_builder_area=&#8220;post_content&#8220;][et_pb_text _builder_version=&#8220;4.25.1&#8243; background_size=&#8220;initial&#8220; background_position=&#8220;top_left&#8220; background_repeat=&#8220;repeat&#8220; module_alignment=&#8220;left&#8220; hover_enabled=&#8220;0&#8243; use_border_color=&#8220;off&#8220; border_color=&#8220;#ffffff&#8220; border_style=&#8220;solid&#8220; global_colors_info=&#8220;{}&#8220; theme_builder_area=&#8220;post_content&#8220; sticky_enabled=&#8220;0&#8243;]<a class=\"blue psomilist\" href=\"https:\/\/mouseio-psomiou.com\/to-eyropaiko-mouseio-artou-sto-dithni-aerolimena-athinon\/\"><span class=\"dp\">Das Europ\u00e4ische Kunstmuseum am Internationalen Flughafen Athen<\/span><\/a><\/p>\n<p><a class=\"orange psomilist\" href=\"https:\/\/mouseio-psomiou.com\/oi-dromoi-tou-psomiou-sto-dimo-neas-ionias\/\"><span class=\"dp\">&#8222;Die Stra\u00dfen des Brotes&#8220; in der Gemeinde Nea Ionia<\/span><\/a><\/p>\n<p><a class=\"blue psomilist\" href=\"https:\/\/mouseio-psomiou.com\/oi-dromoi-tou-psomiou-sto-neo-irakleio-attikis\/\"><span class=\"dp\">&#8222;Die Stra\u00dfen des Brotes&#8220; in Neos Heraklion, Attika<\/span><\/a><\/p>\n<p><a class=\"brown psomilist\" href=\"https:\/\/mouseio-psomiou.com\/to-e-m-artou-sta-thesmoforia-sto-mouseio-akropolis\/\"><span class=\"dp\">Das Europ\u00e4ische Kunstmuseum von Artou in den &#8222;Institutionen\u201c des Akropolismuseums<\/span><\/a><\/p>\n<p><a class=\"blue psomilist\" href=\"https:\/\/mouseio-psomiou.com\/oi-dromoi-tou-psomiou-sto-dimo-kavalas\/\"><span class=\"dp\">&#8222;Die Stra\u00dfen des Brotes&#8220; in der Gemeinde Kavala<\/span><\/a><\/p>\n<p><a class=\"brown psomilist\" href=\"https:\/\/mouseio-psomiou.com\/oi-dromoi-tou-psomiou-sto-dimo-marathona\/\"><span class=\"dp\">&#8222;Die Stra\u00dfen des Brotes&#8220; in der Gemeinde Marathon<\/span><\/a><\/p>\n<p><a class=\"orange psomilist\" href=\"https:\/\/mouseio-psomiou.com\/oi-dromoi-tou-psomiou-sto-dimo-athinaion\/\"><span class=\"dp\">&#8222;Die Stra\u00dfen des Brotes&#8220; im Stadtbezirk von Athen<\/span><\/a><\/p>\n<p><a class=\"red psomilist\" href=\"https:\/\/mouseio-psomiou.com\/oi-dromoi-tou-psomiou-sto-dimo-ano-liosion\/\"><span class=\"dp\">&#8222;Die Stra\u00dfen des Brotes&#8220; im Stadtbezirk von Ano Liosia<\/span><\/a><\/p>\n<p><a class=\"brown psomilist\" href=\"https:\/\/mouseio-psomiou.com\/oi-dromoi-tou-psomiou-sto-laiko-politismo\/\"><span class=\"dp\">&#8222;Die Stra\u00dfen des Brotes&#8220; in der Volkskultur (Stadion des Friedens und der Freundschaft)<\/span><\/a>[\/et_pb_text][\/et_pb_column][et_pb_column type=&#8220;1_2&#8243; module_class=&#8220;psomigrid&#8220; _builder_version=&#8220;4.16&#8243; custom_padding=&#8220;|||&#8220; custom_css_main_element=&#8220;margin-right:2.9%!important;&#8220; global_colors_info=&#8220;{}&#8220; custom_padding__hover=&#8220;|||&#8220; theme_builder_area=&#8220;post_content&#8220;][et_pb_text _builder_version=&#8220;4.25.1&#8243; background_size=&#8220;initial&#8220; background_position=&#8220;top_left&#8220; background_repeat=&#8220;repeat&#8220; module_alignment=&#8220;left&#8220; hover_enabled=&#8220;0&#8243; border_style=&#8220;solid&#8220; global_colors_info=&#8220;{}&#8220; theme_builder_area=&#8220;post_content&#8220; sticky_enabled=&#8220;0&#8243;]<a class=\"red psomilist\" href=\"https:\/\/mouseio-psomiou.com\/sto-mouseio-laikis-texnis-kai-paradosis-ageliki-hatzimihali\/\"><span class=\"dp\">Im Museum f\u00fcr Volkskunst und Tradition &#8222;Angeliki Hadjimichali\u201c<\/span><\/a><\/p>\n<p><a class=\"brown psomilist\" href=\"https:\/\/mouseio-psomiou.com\/evropaiko-mouseio-artou-kai-texni-sto-pedion-toy-areos\/\"><span class=\"dp\">Europ\u00e4isches Brotmuseum und Kunst in Pedion Areos<\/span><\/a><\/p>\n<p><a class=\"orange psomilist\" href=\"https:\/\/mouseio-psomiou.com\/to-psomi-tis-eirinis\/\"><span class=\"dp\">Das Brot des Friedens<\/span><\/a><\/p>\n<p><a class=\"brown psomilist\" href=\"https:\/\/mouseio-psomiou.com\/oi-dromoi-tou-psomiou-sto-dimo-neas-smirnis\/\"><span class=\"dp\">&#8222;Die Stra\u00dfen des Brotes&#8220; in der Gemeinde Nea Smyrni<\/span><\/a><\/p>\n<p><a class=\"red psomilist\" href=\"https:\/\/mouseio-psomiou.com\/oi-dromoi-tou-psomiou-sto-dimo-zefiriou\/\"><span class=\"dp\">&#8222;Die Stra\u00dfen des Brotes&#8220; in der Gemeinde Zefiri<\/span><\/a><\/p>\n<p><a class=\"blue psomilist\" href=\"https:\/\/mouseio-psomiou.com\/oi-dromoi-tou-psomiou-sti-lefkada\/\"><span class=\"dp\">&#8222;Die Stra\u00dfen des Brotes&#8220; in der Gemeinde Lefkada<\/span><\/a><\/p>\n<p><a class=\"brown psomilist\" href=\"https:\/\/mouseio-psomiou.com\/oi-dromoi-tou-psomiou-sto-milano\/\"><span class=\"dp\">&#8222;Die Stra\u00dfen des Brotes&#8220; in Mailand<\/span><\/a><\/p>\n<p><a class=\"orange psomilist\" href=\"https:\/\/mouseio-psomiou.com\/oi-dromoi-tou-psomiou-synantoun-ton-kyklo-tou-kapnou-stin-kavala\/\"><span class=\"dp\">&#8222;Die Stra\u00dfen des Brotes\u201c treffen auf den Tabakkreis in Kavala<\/span><\/a><\/p>\n<p><a class=\"blue psomilist\" href=\"https:\/\/mouseio-psomiou.com\/oi-dromoi-tou-psomiou-sto-dimo-oropou\/\"><span class=\"dp\">&#8222;Die Stra\u00dfen des Brotes&#8220; in der Gemeinde Oropou<\/span><\/a>[\/et_pb_text][\/et_pb_column][\/et_pb_row][\/et_pb_section]<\/p>\n<span class=\"et_bloom_bottom_trigger\"><\/span>","protected":false},"excerpt":{"rendered":"<p>Die Ausstellung \u201eThe Roads of Bread\u201c findet in verschiedenen Teilen Griechenlands und im Ausland statt und ist untrennbar mit der Umwelt und der Kunst verbunden, w\u00e4hrend ihr Ziel darin besteht, die Mutter Erde und das kulturelle Erbe unseres Landes zu erhalten, zu f\u00f6rdern und zu respektieren. Getreide, ein f\u00fcr die V\u00f6lker der Welt so wichtiges [&hellip;]<\/p>\n","protected":false},"author":1,"featured_media":0,"parent":0,"menu_order":0,"comment_status":"closed","ping_status":"closed","template":"","meta":{"_et_pb_use_builder":"on","_et_pb_old_content":"","_et_gb_content_width":"","ngg_post_thumbnail":0,"footnotes":""},"class_list":["post-3476","page","type-page","status-publish","hentry"],"_links":{"self":[{"href":"https:\/\/mouseio-psomiou.com\/de\/wp-json\/wp\/v2\/pages\/3476","targetHints":{"allow":["GET"]}}],"collection":[{"href":"https:\/\/mouseio-psomiou.com\/de\/wp-json\/wp\/v2\/pages"}],"about":[{"href":"https:\/\/mouseio-psomiou.com\/de\/wp-json\/wp\/v2\/types\/page"}],"author":[{"embeddable":true,"href":"https:\/\/mouseio-psomiou.com\/de\/wp-json\/wp\/v2\/users\/1"}],"replies":[{"embeddable":true,"href":"https:\/\/mouseio-psomiou.com\/de\/wp-json\/wp\/v2\/comments?post=3476"}],"version-history":[{"count":5,"href":"https:\/\/mouseio-psomiou.com\/de\/wp-json\/wp\/v2\/pages\/3476\/revisions"}],"predecessor-version":[{"id":3483,"href":"https:\/\/mouseio-psomiou.com\/de\/wp-json\/wp\/v2\/pages\/3476\/revisions\/3483"}],"wp:attachment":[{"href":"https:\/\/mouseio-psomiou.com\/de\/wp-json\/wp\/v2\/media?parent=3476"}],"curies":[{"name":"wp","href":"https:\/\/api.w.org\/{rel}","templated":true}]}}