{"id":3484,"date":"2016-12-06T11:23:40","date_gmt":"2016-12-06T09:23:40","guid":{"rendered":"https:\/\/mouseio-psomiou.com\/ekpaideytika-programmata\/"},"modified":"2024-06-04T16:44:54","modified_gmt":"2024-06-04T13:44:54","slug":"ekpaideytika-programmata","status":"publish","type":"page","link":"https:\/\/mouseio-psomiou.com\/de\/ekpaideytika-programmata\/","title":{"rendered":"Bildungsprogramme"},"content":{"rendered":"\n<p><a href=\"https:\/\/mouseio-psomiou.com\/wp-content\/uploads\/2023\/09\/\u0395\u03ba\u03c0\u03b1\u03b9\u03b4\u03b5\u03c5\u03c4\u03b9\u03ba\u03ac-\u03a0\u03c1\u03bf\u03b3\u03c1\u03ac\u03bc\u03bc\u03b1\u03c4\u03b1-\u039d\u03b7\u03c0\u03b9\u03b1\u03b3\u03c9\u03b3\u03b5\u03af\u03bf-\u03a0\u03b1\u03b9\u03b4\u03b9\u03ba\u03bf\u03af-\u03a3\u03c4\u03b1\u03b8\u03bc\u03bf\u03af.pdf\" target=\"_blank\" rel=\"noreferrer noopener\">Bildungsprogramme f\u00fcr Kinderg\u00e4rten und Vorschulen<\/a><\/p>\n\n\n\n<p><a href=\"https:\/\/mouseio-psomiou.com\/wp-content\/uploads\/2023\/09\/\u0395\u03ba\u03c0\u03b1\u03b9\u03b4\u03b5\u03c5\u03c4\u03b9\u03ba\u03ac-\u03a0\u03c1\u03bf\u03b3\u03c1\u03ac\u03bc\u03bc\u03b1\u03c4\u03b1-\u0394\u03b7\u03bc\u03bf\u03c4\u03b9\u03ba\u03ce\u03bd.pdf\" target=\"_blank\" rel=\"noreferrer noopener\">Bildungsprogramme f\u00fcr die Grundschule<\/a><\/p>\n\n\n\n<p><a href=\"https:\/\/mouseio-psomiou.com\/wp-content\/uploads\/2023\/09\/\u0395\u03ba\u03c0\u03b1\u03b9\u03b4\u03b5\u03c5\u03c4\u03b9\u03ba\u03ac-\u03a0\u03c1\u03bf\u03b3\u03c1\u03ac\u03bc\u03bc\u03b1\u03c4\u03b1-\u0393\u03c5\u03bc\u03bd\u03b1\u03c3\u03af\u03bf\u03c5-\u039b\u03c5\u03ba\u03b5\u03af\u03bf\u03c5.pdf\" target=\"_blank\" rel=\"noreferrer noopener\">Bildungsprogramme f\u00fcr die Sekundarstufe \u2013 Gymnasium<\/a><\/p>\n<span class=\"et_bloom_bottom_trigger\"><\/span>","protected":false},"excerpt":{"rendered":"<p>Bildungsprogramme f\u00fcr Kinderg\u00e4rten und Vorschulen Bildungsprogramme f\u00fcr die Grundschule Bildungsprogramme f\u00fcr die Sekundarstufe \u2013 Gymnasium<\/p>\n","protected":false},"author":1,"featured_media":0,"parent":0,"menu_order":0,"comment_status":"closed","ping_status":"closed","template":"","meta":{"_et_pb_use_builder":"off","_et_pb_old_content":"","_et_gb_content_width":"","ngg_post_thumbnail":0,"footnotes":""},"class_list":["post-3484","page","type-page","status-publish","hentry"],"_links":{"self":[{"href":"https:\/\/mouseio-psomiou.com\/de\/wp-json\/wp\/v2\/pages\/3484","targetHints":{"allow":["GET"]}}],"collection":[{"href":"https:\/\/mouseio-psomiou.com\/de\/wp-json\/wp\/v2\/pages"}],"about":[{"href":"https:\/\/mouseio-psomiou.com\/de\/wp-json\/wp\/v2\/types\/page"}],"author":[{"embeddable":true,"href":"https:\/\/mouseio-psomiou.com\/de\/wp-json\/wp\/v2\/users\/1"}],"replies":[{"embeddable":true,"href":"https:\/\/mouseio-psomiou.com\/de\/wp-json\/wp\/v2\/comments?post=3484"}],"version-history":[{"count":1,"href":"https:\/\/mouseio-psomiou.com\/de\/wp-json\/wp\/v2\/pages\/3484\/revisions"}],"predecessor-version":[{"id":3487,"href":"https:\/\/mouseio-psomiou.com\/de\/wp-json\/wp\/v2\/pages\/3484\/revisions\/3487"}],"wp:attachment":[{"href":"https:\/\/mouseio-psomiou.com\/de\/wp-json\/wp\/v2\/media?parent=3484"}],"curies":[{"name":"wp","href":"https:\/\/api.w.org\/{rel}","templated":true}]}}