{"id":3510,"date":"2016-12-06T11:24:21","date_gmt":"2016-12-06T09:24:21","guid":{"rendered":"https:\/\/mouseio-psomiou.com\/ekdoseis\/"},"modified":"2024-06-04T17:33:49","modified_gmt":"2024-06-04T14:33:49","slug":"veroeffentlichungen","status":"publish","type":"page","link":"https:\/\/mouseio-psomiou.com\/de\/veroeffentlichungen\/","title":{"rendered":"Ver\u00f6ffentlichungen"},"content":{"rendered":"<p>[et_pb_section fb_built=&#8220;1&#8243; custom_padding_last_edited=&#8220;on|desktop&#8220; admin_label=&#8220;section&#8220; module_class=&#8220;topsection&#8220; _builder_version=&#8220;4.16&#8243; custom_padding_tablet=&#8220;50px|0|50px|0&#8243; custom_padding_phone=&#8220;&#8220; transparent_background=&#8220;off&#8220; padding_mobile=&#8220;off&#8220; make_fullwidth=&#8220;off&#8220; use_custom_width=&#8220;off&#8220; width_unit=&#8220;on&#8220; global_colors_info=&#8220;{}&#8220; theme_builder_area=&#8220;post_content&#8220;][et_pb_row column_structure=&#8220;2_3,1_3&#8243; _builder_version=&#8220;4.20.4&#8243; _module_preset=&#8220;default&#8220; width=&#8220;100%&#8220; global_colors_info=&#8220;{}&#8220; theme_builder_area=&#8220;post_content&#8220;][et_pb_column type=&#8220;2_3&#8243; _builder_version=&#8220;4.20.4&#8243; _module_preset=&#8220;default&#8220; global_colors_info=&#8220;{}&#8220; theme_builder_area=&#8220;post_content&#8220;][et_pb_text _builder_version=&#8220;4.25.1&#8243; _module_preset=&#8220;default&#8220; hover_enabled=&#8220;0&#8243; global_colors_info=&#8220;{}&#8220; theme_builder_area=&#8220;post_content&#8220; sticky_enabled=&#8220;0&#8243;]<\/p>\n<h2>Brot im Mittelmeerraum: Eine 80-seitige Luxusausgabe des Europ\u00e4ischen Kunstmuseums<\/h2>\n<p><em>&#8222;Ein wenig Brot, eine Kruste, ein Kr\u00fcmel<\/em><\/p>\n<p><em> kann die Seele am Leben erhalten\u201c<\/em><\/p>\n<p><em> Emily Dickinson (1830-1886)<\/em><\/p>\n<p>Brot wurde im Laufe der Menschheitsgeschichte mehr gepriesen als vielleicht jedes andere Lebensmittel. Und das zu Recht, denn es ist nicht nur ein Mittel zur Ern\u00e4hrung, sondern ein wesentlicher Bestandteil der Tradition, der Kultur und des Erbes eines jeden Ortes. Als grundlegendes Mittel zum \u00dcberleben, vor allem in fr\u00fcheren Zeiten, ist es eng mit dem Leben der Menschen verbunden, so dass seine Pr\u00e4senz \u00fcber den engen Kontext der Ern\u00e4hrung hinausgeht. Brot ist ein Mittel religi\u00f6ser Rituale und begleitet Sitten und Gebr\u00e4uche bei allen H\u00f6hepunkten des t\u00e4glichen Lebens: Geburt, Hochzeit und Tod.<\/p>\n<p>Die Publikation des Europ\u00e4ischen Brotmuseums der Volkskundlichen Gesellschaft des Barnabas-Museums (Gemeinde Marathon) versucht auf 80 Seiten, vor allem durch die Kraft der Bilder, die Bedeutung des Brotes im Mittelmeerraum und in den Regionen zu vermitteln, mit denen der Mittelmeerraum einen gemeinsamen Weg durch die Jahrhunderte teilt. Die Bilder von Brot als Nahrungsmittel, aber auch als eine Art ausgestellter Kunst aus den L\u00e4ndern des Balkans, Nordafrikas, des Nahen Ostens, aber auch Russlands, Georgiens und der Ukraine zeigen die gemeinsamen Wahrnehmungen, Lebensgewohnheiten und heben die besonderen Lebensbedingungen und die Einzigartigkeit der Kultur jedes Volkes hervor.<br \/>Als Zeugnis von Kultur und Tradition m\u00f6chte dieses Projekt einen kleinen Beitrag zur V\u00f6lkerverst\u00e4ndigung, zum Aufbau von Freundschaft und Zusammenarbeit in schwierigen, unruhigen Zeiten leisten. Vor allem aber ist es eine Erinnerung daran, dass gew\u00f6hnliche, allt\u00e4gliche Menschen in allen Teilen der Welt Gef\u00fchle, Schwierigkeiten, Hoffnungen und Tr\u00e4ume gemeinsam haben und dass es viel mehr gibt, was uns verbindet, als was uns trennt. Wie gesegnetes Brot&#8230;<\/p>\n<p>Das zweisprachige Buch (Griechisch und Englisch) ist zum Preis von f\u00fcnfzehn (15) Euro bei der Organisation an ihrem Hauptsitz (7 Androutsou 7 Varnavas, Attika) sowie im Buchhandel in Athen erh\u00e4ltlich.<\/p>\n<p>[\/et_pb_text][\/et_pb_column][et_pb_column type=&#8220;1_3&#8243; _builder_version=&#8220;4.20.4&#8243; _module_preset=&#8220;default&#8220; global_colors_info=&#8220;{}&#8220; theme_builder_area=&#8220;post_content&#8220;][et_pb_image src=&#8220;https:\/\/mouseio-psomiou.com\/wp-content\/uploads\/2018\/03\/to_psomi_sti_mesogio.jpg&#8220; _builder_version=&#8220;4.20.4&#8243; _module_preset=&#8220;default&#8220; global_colors_info=&#8220;{}&#8220; theme_builder_area=&#8220;post_content&#8220;][\/et_pb_image][\/et_pb_column][\/et_pb_row][et_pb_row column_structure=&#8220;2_3,1_3&#8243; _builder_version=&#8220;4.20.4&#8243; _module_preset=&#8220;default&#8220; width=&#8220;100%&#8220; custom_padding=&#8220;40px||40px||true|false&#8220; global_colors_info=&#8220;{}&#8220; theme_builder_area=&#8220;post_content&#8220;][et_pb_column type=&#8220;2_3&#8243; _builder_version=&#8220;4.20.4&#8243; _module_preset=&#8220;default&#8220; global_colors_info=&#8220;{}&#8220; theme_builder_area=&#8220;post_content&#8220;][et_pb_text _builder_version=&#8220;4.25.1&#8243; _module_preset=&#8220;default&#8220; hover_enabled=&#8220;0&#8243; global_colors_info=&#8220;{}&#8220; theme_builder_area=&#8220;post_content&#8220; sticky_enabled=&#8220;0&#8243;]<\/p>\n<h2>Dekorationen f\u00fcr Brote <\/h2>\n<p>Das zweisprachige (Griechisch &#038; Englisch) Album pr\u00e4sentiert zweiundf\u00fcnfzig \u201egestickte Brote\u201c und siebenundvierzig Designs aus Griechenland und dem Ausland.<\/strong>.<\/p>\n<p><strong>Jahr der Ver\u00f6ffentlichung 2007<\/strong><\/p>\n<p><span style=\"color: #e02b20;\">Vergriffen<\/span>[\/et_pb_text][\/et_pb_column][et_pb_column type=&#8220;1_3&#8243; _builder_version=&#8220;4.20.4&#8243; _module_preset=&#8220;default&#8220; global_colors_info=&#8220;{}&#8220; theme_builder_area=&#8220;post_content&#8220;][et_pb_image src=&#8220;https:\/\/mouseio-psomiou.com\/wp-content\/uploads\/2016\/12\/ekdoseis1.jpg&#8220; _builder_version=&#8220;4.20.4&#8243; _module_preset=&#8220;default&#8220; global_colors_info=&#8220;{}&#8220; theme_builder_area=&#8220;post_content&#8220;][\/et_pb_image][\/et_pb_column][\/et_pb_row][et_pb_row column_structure=&#8220;2_3,1_3&#8243; _builder_version=&#8220;4.20.4&#8243; _module_preset=&#8220;default&#8220; width=&#8220;100%&#8220; custom_padding=&#8220;40px||40px||true|false&#8220; global_colors_info=&#8220;{}&#8220; theme_builder_area=&#8220;post_content&#8220;][et_pb_column type=&#8220;2_3&#8243; _builder_version=&#8220;4.20.4&#8243; _module_preset=&#8220;default&#8220; global_colors_info=&#8220;{}&#8220; theme_builder_area=&#8220;post_content&#8220;][et_pb_text _builder_version=&#8220;4.25.1&#8243; _module_preset=&#8220;default&#8220; hover_enabled=&#8220;0&#8243; global_colors_info=&#8220;{}&#8220; theme_builder_area=&#8220;post_content&#8220; sticky_enabled=&#8220;0&#8243;]<\/p>\n<h2>Ern\u00e4hrung und Gesundheit <\/h2>\n<p>Das Buch enth\u00e4lt die Protokolle eines Symposiums \u00fcber Ern\u00e4hrung und Gesundheit. In der Reihenfolge der Vortr\u00e4ge nehmen teil: die Varnavas Folklore Society der Gemeinde Marathon, das Interaktive Folkloremuseum von Varnavas, das Europ\u00e4ische Kunstmuseum, die Public Benefit Corporation der Gemeinde Marathon, das Zentrum f\u00fcr das Studium der griechischen Folklore der Akademie von Athen, die Nationale und Kapodistrianische Universit\u00e4t Athen, die Landwirtschaftliche Universit\u00e4t Athen, die Vereinigung der Karditsioten von Attika, die Vereinigung der Thessalier \u201eDeukalier\u201c, das Komitee f\u00fcr den Kampf gegen die Grammatikou-Gie\u00dferei, Professoren und Politologen.<\/p>\n<p><strong>Jahr der Ver\u00f6ffentlichung 2011<\/strong><\/p>\n<p><span style=\"color: #e02b20;\">Vergriffen<\/span>[\/et_pb_text][\/et_pb_column][et_pb_column type=&#8220;1_3&#8243; _builder_version=&#8220;4.20.4&#8243; _module_preset=&#8220;default&#8220; global_colors_info=&#8220;{}&#8220; theme_builder_area=&#8220;post_content&#8220;][et_pb_image src=&#8220;https:\/\/mouseio-psomiou.com\/wp-content\/uploads\/2016\/12\/ekdoseis2.jpg&#8220; _builder_version=&#8220;4.20.4&#8243; _module_preset=&#8220;default&#8220; global_colors_info=&#8220;{}&#8220; theme_builder_area=&#8220;post_content&#8220;][\/et_pb_image][\/et_pb_column][\/et_pb_row][et_pb_row column_structure=&#8220;2_3,1_3&#8243; column_padding_mobile=&#8220;on&#8220; admin_label=&#8220;row&#8220; _builder_version=&#8220;4.20.4&#8243; background_size=&#8220;initial&#8220; background_position=&#8220;top_left&#8220; background_repeat=&#8220;repeat&#8220; width=&#8220;100%&#8220; custom_padding=&#8220;40px||40px||true|false&#8220; make_fullwidth=&#8220;off&#8220; use_custom_width=&#8220;off&#8220; width_unit=&#8220;on&#8220; global_colors_info=&#8220;{}&#8220; theme_builder_area=&#8220;post_content&#8220;][et_pb_column type=&#8220;2_3&#8243; _builder_version=&#8220;4.16&#8243; custom_padding=&#8220;|||&#8220; global_colors_info=&#8220;{}&#8220; custom_padding__hover=&#8220;|||&#8220; theme_builder_area=&#8220;post_content&#8220;][et_pb_text admin_label=&#8220;Text&#8220; _builder_version=&#8220;4.25.1&#8243; background_size=&#8220;initial&#8220; background_position=&#8220;top_left&#8220; background_repeat=&#8220;repeat&#8220; hover_enabled=&#8220;0&#8243; use_border_color=&#8220;off&#8220; border_color=&#8220;#ffffff&#8220; border_style=&#8220;solid&#8220; global_colors_info=&#8220;{}&#8220; theme_builder_area=&#8220;post_content&#8220; sticky_enabled=&#8220;0&#8243;]<\/p>\n<h2>Anbetungsbrot<\/h2>\n<p>Das Buch enth\u00e4lt einhundertf\u00fcnfzig (150) religi\u00f6se &#8211; Andachtsbrote &#8211; Brote und Gel\u00fcbde, aus Institutionen unseres Landes und im Ausland (Prosphora, traditionelle Brote, Klosterbrote, Brote, die den Heiligen gewidmet sind, Brote f\u00fcr Weihnachten und Ostern, Tauf-, Verlobungs- und Hochzeitsbrote, Br\u00f6tchen f\u00fcr den Trauzeugen, f\u00fcr die Brautgeschenke usw. Die Publikation ist zweisprachig (Griechisch und Englisch) und wird vom Erzbischof von Athen und ganz Griechenland, Hieronymos II, vorgestellt, der die Ausstellung in den Barnabas-Museen er\u00f6ffnete. Dies ist ein &#8222;Juwel\u201c Buch &#8211; ein Album, sehr informativ \u00fcber das fromme Brot mit vielen Jahren der Forschung. Das Buch &#8211; Sammelalbum &#8222;Anbetungsbrot\u201c ist derzeit in den kirchlichen Buchhandlungen erh\u00e4ltlich (Apostolische Diakonie, 2 Dragatsaniou Pl. Klathmonos &#8211; Agathos Logos, Lagumitzi 42 N. Kosmos, Lyhnos, L. Veikou &#038; Messinia 2 Galati, Christliche Erziehung, Themisos 4 Marousi), IANO (Athen Stadiou 24 &#8211; Thessaloniki Aristotelous 7), Votoria (Athen Gravia 3-5 pl. Kaniggos) und in den B\u00fcros des Europ\u00e4ischen Kunstmuseums in Barnabas (Androutsou 7, 2295097870).<\/p>\n<p><strong>Jahr der Ver\u00f6ffentlichung 2016<\/strong>[\/et_pb_text][\/et_pb_column][et_pb_column type=&#8220;1_3&#8243; _builder_version=&#8220;4.16&#8243; custom_padding=&#8220;|||&#8220; global_colors_info=&#8220;{}&#8220; custom_padding__hover=&#8220;|||&#8220; theme_builder_area=&#8220;post_content&#8220;][et_pb_image src=&#8220;http:\/\/mouseio-psomiou.com\/wp-content\/uploads\/2016\/12\/ekdoseis3.jpg&#8220; admin_label=&#8220;Image&#8220; _builder_version=&#8220;4.16&#8243; max_width_last_edited=&#8220;off|desktop&#8220; use_border_color=&#8220;off&#8220; border_color=&#8220;#ffffff&#8220; border_style=&#8220;solid&#8220; animation=&#8220;off&#8220; sticky=&#8220;off&#8220; always_center_on_mobile=&#8220;off&#8220; global_colors_info=&#8220;{}&#8220; theme_builder_area=&#8220;post_content&#8220;][\/et_pb_image][\/et_pb_column][\/et_pb_row][et_pb_row admin_label=&#8220;Row&#8220; _builder_version=&#8220;4.20.4&#8243; background_size=&#8220;initial&#8220; background_position=&#8220;top_left&#8220; background_repeat=&#8220;repeat&#8220; width=&#8220;100%&#8220; global_colors_info=&#8220;{}&#8220; theme_builder_area=&#8220;post_content&#8220;][et_pb_column type=&#8220;4_4&#8243; _builder_version=&#8220;4.16&#8243; custom_padding=&#8220;|||&#8220; global_colors_info=&#8220;{}&#8220; custom_padding__hover=&#8220;|||&#8220; theme_builder_area=&#8220;post_content&#8220;][et_pb_text admin_label=&#8220;Text&#8220; _builder_version=&#8220;4.25.1&#8243; background_size=&#8220;initial&#8220; background_position=&#8220;top_left&#8220; background_repeat=&#8220;repeat&#8220; hover_enabled=&#8220;0&#8243; use_border_color=&#8220;off&#8220; border_color=&#8220;#ffffff&#8220; border_style=&#8220;solid&#8220; global_colors_info=&#8220;{}&#8220; theme_builder_area=&#8220;post_content&#8220; sticky_enabled=&#8220;0&#8243;]<span style=\"font-size: 14px;\"><strong>F\u00fcr Bestellungen kontaktieren Sie uns bitte unter 22950 97870 oder <a href=\"mailto:museo@ilmb.gr\" target=\"_blank\" rel=\"noopener noreferrer\">museo@ilmb.gr<\/a><\/strong><\/span>[\/et_pb_text][\/et_pb_column][\/et_pb_row][\/et_pb_section]<\/p>\n<span class=\"et_bloom_bottom_trigger\"><\/span>","protected":false},"excerpt":{"rendered":"<p>Brot im Mittelmeerraum: Eine 80-seitige Luxusausgabe des Europ\u00e4ischen Kunstmuseums &#8222;Ein wenig Brot, eine Kruste, ein Kr\u00fcmel kann die Seele am Leben erhalten\u201c Emily Dickinson (1830-1886) Brot wurde im Laufe der Menschheitsgeschichte mehr gepriesen als vielleicht jedes andere Lebensmittel. Und das zu Recht, denn es ist nicht nur ein Mittel zur Ern\u00e4hrung, sondern ein wesentlicher Bestandteil [&hellip;]<\/p>\n","protected":false},"author":1,"featured_media":0,"parent":0,"menu_order":0,"comment_status":"closed","ping_status":"closed","template":"","meta":{"_et_pb_use_builder":"on","_et_pb_old_content":"","_et_gb_content_width":"","ngg_post_thumbnail":0,"footnotes":""},"class_list":["post-3510","page","type-page","status-publish","hentry"],"_links":{"self":[{"href":"https:\/\/mouseio-psomiou.com\/de\/wp-json\/wp\/v2\/pages\/3510","targetHints":{"allow":["GET"]}}],"collection":[{"href":"https:\/\/mouseio-psomiou.com\/de\/wp-json\/wp\/v2\/pages"}],"about":[{"href":"https:\/\/mouseio-psomiou.com\/de\/wp-json\/wp\/v2\/types\/page"}],"author":[{"embeddable":true,"href":"https:\/\/mouseio-psomiou.com\/de\/wp-json\/wp\/v2\/users\/1"}],"replies":[{"embeddable":true,"href":"https:\/\/mouseio-psomiou.com\/de\/wp-json\/wp\/v2\/comments?post=3510"}],"version-history":[{"count":7,"href":"https:\/\/mouseio-psomiou.com\/de\/wp-json\/wp\/v2\/pages\/3510\/revisions"}],"predecessor-version":[{"id":3519,"href":"https:\/\/mouseio-psomiou.com\/de\/wp-json\/wp\/v2\/pages\/3510\/revisions\/3519"}],"wp:attachment":[{"href":"https:\/\/mouseio-psomiou.com\/de\/wp-json\/wp\/v2\/media?parent=3510"}],"curies":[{"name":"wp","href":"https:\/\/api.w.org\/{rel}","templated":true}]}}