{"id":3170,"date":"2016-12-05T22:57:47","date_gmt":"2016-12-05T20:57:47","guid":{"rendered":"https:\/\/mouseio-psomiou.com\/to-mouseio\/"},"modified":"2024-02-24T10:49:07","modified_gmt":"2024-02-24T08:49:07","slug":"to-mouseio","status":"publish","type":"page","link":"https:\/\/mouseio-psomiou.com\/fr\/to-mouseio\/","title":{"rendered":"Le Mus\u00e9e"},"content":{"rendered":"<p><strong>Le Mus\u00e9e Europ\u00e9en du Pain<\/strong> a \u00e9t\u00e9 fond\u00e9 en <strong>2005<\/strong>, exposant avec amour et passion les r\u00e9sultats d&rsquo;un travail collectif de longue dur\u00e9e. Un ancien manoir de Varnavas a \u00e9t\u00e9 transform\u00e9 <strong>en mus\u00e9e du pain<\/strong> et accueille plus de <strong>3000 pains brod\u00e9s<\/strong> avec des d\u00e9corations provenant <strong>de Gr\u00e8ce et de 40 pays \u00e9trangers<\/strong>.<\/p>\n<p style=\"max-width: 567px;\"><iframe loading=\"lazy\" src=\"https:\/\/www.youtube.com\/embed\/Y6mh41qFIvg\" width=\"560\" height=\"315\" frameborder=\"0\" allowfullscreen=\"allowfullscreen\"><\/iframe><\/p>\n<p><img loading=\"lazy\" decoding=\"async\" class=\"alignnone wp-image-69 size-full\" src=\"http:\/\/mouseio-psomiou.com\/wp-content\/uploads\/2016\/12\/mouseio1.jpg\" alt=\"mouseio1\" width=\"567\" height=\"378\" srcset=\"https:\/\/mouseio-psomiou.com\/wp-content\/uploads\/2016\/12\/mouseio1.jpg 567w, https:\/\/mouseio-psomiou.com\/wp-content\/uploads\/2016\/12\/mouseio1-300x200.jpg 300w\" sizes=\"(max-width: 567px) 100vw, 567px\" \/><\/p>\n<p>\u00c0 travers des activit\u00e9s destin\u00e9es au monde entier, mais surtout aux enfants, l&rsquo;objectif du mus\u00e9e est de leur faire d\u00e9couvrir le cycle du pain, de la semence au p\u00e9trissage, jusqu&rsquo;\u00e0 ce qu&rsquo;il arrive sur la table, ainsi que les innombrables motifs de pain brod\u00e9s qui t\u00e9moignent d&rsquo;un voyage de plusieurs si\u00e8cles pour la denr\u00e9e la plus pr\u00e9cieuse de chaque m\u00e9nage, le pain. Les dessins brod\u00e9s varient d&rsquo;une r\u00e9gion \u00e0 l&rsquo;autre et, dans certains cas, chaque famille poss\u00e8de sa propre broderie. Il existait des broderies sp\u00e9ciales, en fonction de l&rsquo;occasion, par exemple lors des mariages ou des grandes f\u00eates religieuses.<\/p>\n<p><img loading=\"lazy\" decoding=\"async\" class=\"alignnone wp-image-70 size-full\" src=\"http:\/\/mouseio-psomiou.com\/wp-content\/uploads\/2016\/12\/mouseio2.jpg\" alt=\"mouseio2\" width=\"567\" height=\"378\" srcset=\"https:\/\/mouseio-psomiou.com\/wp-content\/uploads\/2016\/12\/mouseio2.jpg 567w, https:\/\/mouseio-psomiou.com\/wp-content\/uploads\/2016\/12\/mouseio2-300x200.jpg 300w\" sizes=\"(max-width: 567px) 100vw, 567px\" \/><\/p>\n<p>Les <strong>expositions<\/strong> du Mus\u00e9e Europ\u00e9en du Pain, situ\u00e9 \u00e0 Varnavas, en Attique, dans la municipalit\u00e9 de Marathon, constituent <strong>la plus grande collection de pains brod\u00e9s et religieux d&rsquo;Europe<\/strong>. Les <strong>3000 pi\u00e8ces expos\u00e9es<\/strong> couvrent l&rsquo;ensemble du territoire grec ainsi qu&rsquo;une quarante de pays \u00e9trangers et sont constamment enrichies et d\u00e9velopp\u00e9es. La collection est innovante en termes de motifs, de tailles et de formes.<\/p>\n<p><img loading=\"lazy\" decoding=\"async\" class=\"alignnone size-full wp-image-71\" src=\"http:\/\/mouseio-psomiou.com\/wp-content\/uploads\/2016\/12\/mouseio3.jpg\" alt=\"mouseio3\" width=\"567\" height=\"425\" srcset=\"https:\/\/mouseio-psomiou.com\/wp-content\/uploads\/2016\/12\/mouseio3.jpg 567w, https:\/\/mouseio-psomiou.com\/wp-content\/uploads\/2016\/12\/mouseio3-300x225.jpg 300w, https:\/\/mouseio-psomiou.com\/wp-content\/uploads\/2016\/12\/mouseio3-510x382.jpg 510w\" sizes=\"(max-width: 567px) 100vw, 567px\" \/><\/p>\n<p><strong>Une collection unique \u00e0 caract\u00e8re \u00e9ducatif pour les visiteurs de tous \u00e2ges. <\/strong><\/p>\n<p><strong>Dans ce mus\u00e9e du pain unique en son genre sont encore presents:<\/strong><\/p>\n<ul>\n<li>Repr\u00e9sentation de la culture de la terre (semis, culture, collecte, production, mesure, transport).<\/li>\n<li>Repr\u00e9sentation du cycle du pain (fabrication, fa\u00e7onnage, broderie, cuisson).<\/li>\n<li>En m\u00eame temps, les visiteurs ont l&rsquo;opportunite de faire une visite guid\u00e9e aux outils agricoles, afin que les plus \u00e2g\u00e9s puissent se souvenir et que les plus jeunes puissent apprendre.<\/li>\n<\/ul>\n<p><img loading=\"lazy\" decoding=\"async\" class=\"alignnone size-full wp-image-72\" src=\"http:\/\/mouseio-psomiou.com\/wp-content\/uploads\/2016\/12\/mouseio4.jpg\" alt=\"mouseio4\" width=\"567\" height=\"378\" srcset=\"https:\/\/mouseio-psomiou.com\/wp-content\/uploads\/2016\/12\/mouseio4.jpg 567w, https:\/\/mouseio-psomiou.com\/wp-content\/uploads\/2016\/12\/mouseio4-300x200.jpg 300w\" sizes=\"(max-width: 567px) 100vw, 567px\" \/><\/p>\n<p><strong>Ils travaillent toujours au mus\u00e9e:<\/strong><\/p>\n<p>a) une exposition avec des copies de pains brod\u00e9s ainsi que de la documentation sur le sujet<br \/>\nb) un caf\u00e9 traditionnel avec des caf\u00e9s et des sucreries locales<br \/>\nc) un caf\u00e9 avec des g\u00e2teaux locaux, du caf\u00e9 et des g\u00e2teaux (sur demande)<\/p>\n<p><em>\u2022 Le mus\u00e9e accepte \u00e9galement les commandes de pains et de faveurs pour les bapt\u00eames, les fian\u00e7ailles et les mariages.<\/em><\/p>\n<span class=\"et_bloom_bottom_trigger\"><\/span>","protected":false},"excerpt":{"rendered":"<p>Le Mus\u00e9e Europ\u00e9en du Pain a \u00e9t\u00e9 fond\u00e9 en 2005, exposant avec amour et passion les r\u00e9sultats d&rsquo;un travail collectif de longue dur\u00e9e. Un ancien manoir de Varnavas a \u00e9t\u00e9 transform\u00e9 en mus\u00e9e du pain et accueille plus de 3000 pains brod\u00e9s avec des d\u00e9corations provenant de Gr\u00e8ce et de 40 pays \u00e9trangers. \u00c0 travers [&hellip;]<\/p>\n","protected":false},"author":1,"featured_media":0,"parent":0,"menu_order":0,"comment_status":"closed","ping_status":"open","template":"","meta":{"_et_pb_use_builder":"","_et_pb_old_content":"","_et_gb_content_width":"","ngg_post_thumbnail":0,"footnotes":""},"class_list":["post-3170","page","type-page","status-publish","hentry"],"_links":{"self":[{"href":"https:\/\/mouseio-psomiou.com\/fr\/wp-json\/wp\/v2\/pages\/3170","targetHints":{"allow":["GET"]}}],"collection":[{"href":"https:\/\/mouseio-psomiou.com\/fr\/wp-json\/wp\/v2\/pages"}],"about":[{"href":"https:\/\/mouseio-psomiou.com\/fr\/wp-json\/wp\/v2\/types\/page"}],"author":[{"embeddable":true,"href":"https:\/\/mouseio-psomiou.com\/fr\/wp-json\/wp\/v2\/users\/1"}],"replies":[{"embeddable":true,"href":"https:\/\/mouseio-psomiou.com\/fr\/wp-json\/wp\/v2\/comments?post=3170"}],"version-history":[{"count":2,"href":"https:\/\/mouseio-psomiou.com\/fr\/wp-json\/wp\/v2\/pages\/3170\/revisions"}],"predecessor-version":[{"id":3175,"href":"https:\/\/mouseio-psomiou.com\/fr\/wp-json\/wp\/v2\/pages\/3170\/revisions\/3175"}],"wp:attachment":[{"href":"https:\/\/mouseio-psomiou.com\/fr\/wp-json\/wp\/v2\/media?parent=3170"}],"curies":[{"name":"wp","href":"https:\/\/api.w.org\/{rel}","templated":true}]}}