{"id":3194,"date":"2016-12-06T11:23:22","date_gmt":"2016-12-06T09:23:22","guid":{"rendered":"https:\/\/mouseio-psomiou.com\/oi-dromoi-tou-psomiou\/"},"modified":"2024-02-24T13:05:18","modified_gmt":"2024-02-24T11:05:18","slug":"les-rues-du-pain","status":"publish","type":"page","link":"https:\/\/mouseio-psomiou.com\/fr\/les-rues-du-pain\/","title":{"rendered":"Les rues du pain"},"content":{"rendered":"<p>[et_pb_section fb_built=\u00a0\u00bb1&Prime; custom_padding_last_edited=\u00a0\u00bbon|desktop\u00a0\u00bb admin_label=\u00a0\u00bbsection\u00a0\u00bb module_class=\u00a0\u00bbtopsection\u00a0\u00bb _builder_version=\u00a0\u00bb4.16&Prime; custom_padding_tablet=\u00a0\u00bb50px|0|50px|0&Prime; custom_padding_phone=\u00a0\u00bb\u00a0\u00bb transparent_background=\u00a0\u00bboff\u00a0\u00bb padding_mobile=\u00a0\u00bboff\u00a0\u00bb make_fullwidth=\u00a0\u00bboff\u00a0\u00bb use_custom_width=\u00a0\u00bboff\u00a0\u00bb width_unit=\u00a0\u00bbon\u00a0\u00bb global_colors_info=\u00a0\u00bb{}\u00a0\u00bb theme_builder_area=\u00a0\u00bbpost_content\u00a0\u00bb][et_pb_row column_structure=\u00a0\u00bb2_3,1_3&Prime; padding_mobile=\u00a0\u00bboff\u00a0\u00bb column_padding_mobile=\u00a0\u00bbon\u00a0\u00bb admin_label=\u00a0\u00bbrow\u00a0\u00bb _builder_version=\u00a0\u00bb4.17.6&Prime; background_size=\u00a0\u00bbinitial\u00a0\u00bb background_position=\u00a0\u00bbtop_left\u00a0\u00bb background_repeat=\u00a0\u00bbrepeat\u00a0\u00bb width=\u00a0\u00bb100%\u00a0\u00bb make_fullwidth=\u00a0\u00bboff\u00a0\u00bb use_custom_width=\u00a0\u00bboff\u00a0\u00bb width_unit=\u00a0\u00bbon\u00a0\u00bb global_colors_info=\u00a0\u00bb{}\u00a0\u00bb theme_builder_area=\u00a0\u00bbpost_content\u00a0\u00bb][et_pb_column type=\u00a0\u00bb2_3&Prime; _builder_version=\u00a0\u00bb4.16&Prime; custom_padding=\u00a0\u00bb|||\u00a0\u00bb global_colors_info=\u00a0\u00bb{}\u00a0\u00bb custom_padding__hover=\u00a0\u00bb|||\u00a0\u00bb theme_builder_area=\u00a0\u00bbpost_content\u00a0\u00bb][et_pb_text admin_label=\u00a0\u00bbText\u00a0\u00bb _builder_version=\u00a0\u00bb4.24.2&Prime; background_size=\u00a0\u00bbinitial\u00a0\u00bb background_position=\u00a0\u00bbtop_left\u00a0\u00bb background_repeat=\u00a0\u00bbrepeat\u00a0\u00bb module_alignment=\u00a0\u00bbleft\u00a0\u00bb hover_enabled=\u00a0\u00bb0&Prime; use_border_color=\u00a0\u00bboff\u00a0\u00bb border_color=\u00a0\u00bb#ffffff\u00a0\u00bb border_style=\u00a0\u00bbsolid\u00a0\u00bb global_colors_info=\u00a0\u00bb{}\u00a0\u00bb theme_builder_area=\u00a0\u00bbpost_content\u00a0\u00bb sticky_enabled=\u00a0\u00bb0&Prime;]<\/p>\n<p>L&rsquo;exposition \u00ab\u00a0Les rues du pain\u00a0\u00bb se d\u00e9roule dans diff\u00e9rentes r\u00e9gions de Gr\u00e8ce et \u00e0 l&rsquo;\u00e9tranger et est inextricablement li\u00e9e \u00e0 l&rsquo;environnement et \u00e0 l&rsquo;art, son objectif \u00e9tant de pr\u00e9server, de promouvoir et de respecter la terre nourrici\u00e8re et le patrimoine culturel de notre pays. Les c\u00e9r\u00e9ales, un produit de la terre si important pour les peuples du monde et un produit sacr\u00e9 de la M\u00e9diterran\u00e9e, sont les mieux repr\u00e9sent\u00e9es dans cette exposition. La culture de la terre, le labourage, les semailles, la r\u00e9colte, la mouture et la cuisson transforment le pain en \u0153uvre d&rsquo;art. Des pains traditionnels, v\u00e9ritables \u0153uvres d&rsquo;art bas\u00e9es sur des coutumes (dans le cycle de la vie et le cycle du temps) de Gr\u00e8ce et de pays \u00e9trangers, sont pr\u00e9sent\u00e9s dans cette exposition, accompagn\u00e9s d&rsquo;affiches et de photographies illustrant la culture de la terre.<\/p>\n<p>[\/et_pb_text][\/et_pb_column][et_pb_column type=\u00a0\u00bb1_3&Prime; _builder_version=\u00a0\u00bb4.16&Prime; custom_padding=\u00a0\u00bb|||\u00a0\u00bb global_colors_info=\u00a0\u00bb{}\u00a0\u00bb custom_padding__hover=\u00a0\u00bb|||\u00a0\u00bb theme_builder_area=\u00a0\u00bbpost_content\u00a0\u00bb][et_pb_image src=\u00a0\u00bbhttp:\/\/mouseio-psomiou.com\/wp-content\/uploads\/2016\/12\/dromoi1.jpg\u00a0\u00bb align=\u00a0\u00bbright\u00a0\u00bb admin_label=\u00a0\u00bbImage\u00a0\u00bb module_class=\u00a0\u00bbrightimage\u00a0\u00bb _builder_version=\u00a0\u00bb4.16&Prime; max_width_last_edited=\u00a0\u00bboff|desktop\u00a0\u00bb use_border_color=\u00a0\u00bboff\u00a0\u00bb border_color=\u00a0\u00bb#ffffff\u00a0\u00bb border_style=\u00a0\u00bbsolid\u00a0\u00bb animation=\u00a0\u00bboff\u00a0\u00bb sticky=\u00a0\u00bboff\u00a0\u00bb always_center_on_mobile=\u00a0\u00bboff\u00a0\u00bb global_colors_info=\u00a0\u00bb{}\u00a0\u00bb theme_builder_area=\u00a0\u00bbpost_content\u00a0\u00bb]<\/p>\n<p>\u00a0<\/p>\n<p>[\/et_pb_image][\/et_pb_column][\/et_pb_row][et_pb_row padding_mobile=\u00a0\u00bboff\u00a0\u00bb column_padding_mobile=\u00a0\u00bbon\u00a0\u00bb _builder_version=\u00a0\u00bb4.17.6&Prime; background_size=\u00a0\u00bbinitial\u00a0\u00bb background_position=\u00a0\u00bbtop_left\u00a0\u00bb background_repeat=\u00a0\u00bbrepeat\u00a0\u00bb width=\u00a0\u00bb100%\u00a0\u00bb make_fullwidth=\u00a0\u00bboff\u00a0\u00bb use_custom_width=\u00a0\u00bboff\u00a0\u00bb width_unit=\u00a0\u00bbon\u00a0\u00bb global_colors_info=\u00a0\u00bb{}\u00a0\u00bb theme_builder_area=\u00a0\u00bbpost_content\u00a0\u00bb][et_pb_column type=\u00a0\u00bb4_4&Prime; _builder_version=\u00a0\u00bb4.16&Prime; custom_padding=\u00a0\u00bb|||\u00a0\u00bb global_colors_info=\u00a0\u00bb{}\u00a0\u00bb custom_padding__hover=\u00a0\u00bb|||\u00a0\u00bb theme_builder_area=\u00a0\u00bbpost_content\u00a0\u00bb][et_pb_image src=\u00a0\u00bbhttps:\/\/mouseio-psomiou.com\/wp-content\/uploads\/2018\/08\/dromoi2.jpg\u00a0\u00bb align_tablet=\u00a0\u00bbcenter\u00a0\u00bb align_phone=\u00a0\u00bbcenter\u00a0\u00bb align_last_edited=\u00a0\u00bbon|desktop\u00a0\u00bb _builder_version=\u00a0\u00bb4.16&Prime; use_border_color=\u00a0\u00bboff\u00a0\u00bb global_colors_info=\u00a0\u00bb{}\u00a0\u00bb theme_builder_area=\u00a0\u00bbpost_content\u00a0\u00bb]<\/p>\n<p>\u00a0<\/p>\n<p>[\/et_pb_image][\/et_pb_column][\/et_pb_row][et_pb_row padding_mobile=\u00a0\u00bboff\u00a0\u00bb column_padding_mobile=\u00a0\u00bbon\u00a0\u00bb _builder_version=\u00a0\u00bb4.17.6&Prime; background_size=\u00a0\u00bbinitial\u00a0\u00bb background_position=\u00a0\u00bbtop_left\u00a0\u00bb background_repeat=\u00a0\u00bbrepeat\u00a0\u00bb width=\u00a0\u00bb100%\u00a0\u00bb custom_css_main_element=\u00a0\u00bbpadding-bottom:0px!important;\u00a0\u00bb make_fullwidth=\u00a0\u00bboff\u00a0\u00bb use_custom_width=\u00a0\u00bboff\u00a0\u00bb width_unit=\u00a0\u00bbon\u00a0\u00bb global_colors_info=\u00a0\u00bb{}\u00a0\u00bb theme_builder_area=\u00a0\u00bbpost_content\u00a0\u00bb][et_pb_column type=\u00a0\u00bb4_4&Prime; _builder_version=\u00a0\u00bb4.16&Prime; custom_padding=\u00a0\u00bb|||\u00a0\u00bb global_colors_info=\u00a0\u00bb{}\u00a0\u00bb custom_padding__hover=\u00a0\u00bb|||\u00a0\u00bb theme_builder_area=\u00a0\u00bbpost_content\u00a0\u00bb][et_pb_text _builder_version=\u00a0\u00bb4.24.2&Prime; background_size=\u00a0\u00bbinitial\u00a0\u00bb background_position=\u00a0\u00bbtop_left\u00a0\u00bb background_repeat=\u00a0\u00bbrepeat\u00a0\u00bb module_alignment=\u00a0\u00bbleft\u00a0\u00bb hover_enabled=\u00a0\u00bb0&Prime; use_border_color=\u00a0\u00bboff\u00a0\u00bb border_color=\u00a0\u00bb#ffffff\u00a0\u00bb border_style=\u00a0\u00bbsolid\u00a0\u00bb global_colors_info=\u00a0\u00bb{}\u00a0\u00bb theme_builder_area=\u00a0\u00bbpost_content\u00a0\u00bb sticky_enabled=\u00a0\u00bb0&Prime;]<\/p>\n<h2><em>Voir en d\u00e9tail les \u00ab\u00a0Rues du pain\u00a0\u00bb ici<\/em>&#8230;<\/h2>\n<p>[\/et_pb_text][\/et_pb_column][\/et_pb_row][et_pb_row column_structure=\u00a0\u00bb1_2,1_2&Prime; padding_mobile=\u00a0\u00bboff\u00a0\u00bb column_padding_mobile=\u00a0\u00bbon\u00a0\u00bb _builder_version=\u00a0\u00bb4.17.6&Prime; background_size=\u00a0\u00bbinitial\u00a0\u00bb background_position=\u00a0\u00bbtop_left\u00a0\u00bb background_repeat=\u00a0\u00bbrepeat\u00a0\u00bb width=\u00a0\u00bb100%\u00a0\u00bb custom_css_main_element=\u00a0\u00bbpadding-top:0!important;\u00a0\u00bb make_fullwidth=\u00a0\u00bboff\u00a0\u00bb use_custom_width=\u00a0\u00bboff\u00a0\u00bb width_unit=\u00a0\u00bbon\u00a0\u00bb global_colors_info=\u00a0\u00bb{}\u00a0\u00bb theme_builder_area=\u00a0\u00bbpost_content\u00a0\u00bb][et_pb_column type=\u00a0\u00bb1_2&Prime; module_class=\u00a0\u00bbpsomigrid\u00a0\u00bb _builder_version=\u00a0\u00bb4.16&Prime; custom_padding=\u00a0\u00bb|||\u00a0\u00bb custom_css_main_element=\u00a0\u00bbmargin-right:2.9%!important;\u00a0\u00bb global_colors_info=\u00a0\u00bb{}\u00a0\u00bb custom_padding__hover=\u00a0\u00bb|||\u00a0\u00bb theme_builder_area=\u00a0\u00bbpost_content\u00a0\u00bb][et_pb_text _builder_version=\u00a0\u00bb4.24.2&Prime; background_size=\u00a0\u00bbinitial\u00a0\u00bb background_position=\u00a0\u00bbtop_left\u00a0\u00bb background_repeat=\u00a0\u00bbrepeat\u00a0\u00bb module_alignment=\u00a0\u00bbleft\u00a0\u00bb use_border_color=\u00a0\u00bboff\u00a0\u00bb border_color=\u00a0\u00bb#ffffff\u00a0\u00bb border_style=\u00a0\u00bbsolid\u00a0\u00bb global_colors_info=\u00a0\u00bb{}\u00a0\u00bb theme_builder_area=\u00a0\u00bbpost_content\u00a0\u00bb]<a class=\"blue psomilist\" href=\"https:\/\/mouseio-psomiou.com\/fr\/le-musee-du-pain-europeen-a-laeroport-international-dathenes\/\"><span class=\"dp\">Le Mus\u00e9e du Pain Europ\u00e9en \u00e0 l&rsquo;a\u00e9roport international d&rsquo;Ath\u00e8nes<\/span><\/a><\/p>\n<p><a class=\"orange psomilist\" href=\"https:\/\/mouseio-psomiou.com\/fr\/les-rues-du-pain-dans-la-municipalite-de-nea-ionia\/\"><span class=\"dp\">Les rues du pain dans la municipalit\u00e9 de Nea Ionia<\/span><\/a><\/p>\n<p><a class=\"blue psomilist\" href=\"https:\/\/mouseio-psomiou.com\/fr\/les-rues-du-pain-a-la-nouvelle-heraklion-attique\/\"><span class=\"dp\">Les rues du pain \u00e0 la Nouvelle H\u00e9raklion, Attique<\/span><\/a><\/p>\n<p><a class=\"brown psomilist\" href=\"https:\/\/mouseio-psomiou.com\/fr\/le-musee-du-pain-europeen-aux-forums-institutionnels-au-musee-de-lacropole\/\"><span class=\"dp\">Le Mus\u00e9e du Pain Europ\u00e9en aux \u00ab\u00a0Forums institutionnels\u00a0\u00bb au Mus\u00e9e de l&rsquo;Acropole<\/span><\/a><\/p>\n<p><a class=\"blue psomilist\" href=\"https:\/\/mouseio-psomiou.com\/fr\/les-rues-du-pain-dans-la-municipalite-de-kavala\/\"><span class=\"dp\">Les rues du pain dans la municipalit\u00e9 de Kavala<\/span><\/a><\/p>\n<p><a class=\"brown psomilist\" href=\"https:\/\/mouseio-psomiou.com\/fr\/les-rues-du-pain-dans-la-municipalite-de-marathon\/\"><span class=\"dp\">Les rues du pain dans la municipalit\u00e9 de Marathon<\/span><\/a><\/p>\n<p><a class=\"orange psomilist\" href=\"https:\/\/mouseio-psomiou.com\/fr\/les-rues-du-pain-dans-la-municipalite-dathenes\/\"><span class=\"dp\">Les rues du pain dans la municipalit\u00e9 d&rsquo;Ath\u00e8nes<\/span><\/a><\/p>\n<p><a class=\"red psomilist\" href=\"https:\/\/mouseio-psomiou.com\/fr\/les-rues-du-pain-dans-la-municipalite-dano-liosia\/\"><span class=\"dp\">Les rues du pain dans la municipalit\u00e9 d&rsquo;Ano Liosia<\/span><\/a><\/p>\n<p><a class=\"brown psomilist\" href=\"https:\/\/mouseio-psomiou.com\/fr\/les-rues-du-pain-dans-la-culture-populaire-stade-de-la-paix-et-de-lamitie\/\"><span class=\"dp\">Les rues du pain dans la culture populaire (stade de la paix et de l&rsquo;amiti\u00e9)<\/span><\/a>[\/et_pb_text][\/et_pb_column][et_pb_column type=\u00a0\u00bb1_2&Prime; module_class=\u00a0\u00bbpsomigrid\u00a0\u00bb _builder_version=\u00a0\u00bb4.16&Prime; custom_padding=\u00a0\u00bb|||\u00a0\u00bb custom_css_main_element=\u00a0\u00bbmargin-right:2.9%!important;\u00a0\u00bb global_colors_info=\u00a0\u00bb{}\u00a0\u00bb custom_padding__hover=\u00a0\u00bb|||\u00a0\u00bb theme_builder_area=\u00a0\u00bbpost_content\u00a0\u00bb][et_pb_text _builder_version=\u00a0\u00bb4.24.2&Prime; background_size=\u00a0\u00bbinitial\u00a0\u00bb background_position=\u00a0\u00bbtop_left\u00a0\u00bb background_repeat=\u00a0\u00bbrepeat\u00a0\u00bb module_alignment=\u00a0\u00bbleft\u00a0\u00bb border_style=\u00a0\u00bbsolid\u00a0\u00bb global_colors_info=\u00a0\u00bb{}\u00a0\u00bb theme_builder_area=\u00a0\u00bbpost_content\u00a0\u00bb]<a class=\"red psomilist\" href=\"https:\/\/mouseio-psomiou.com\/fr\/le-musee-des-arts-et-traditions-populaires-angeliki-hadjimichali\/\"><span class=\"dp\">Le Mus\u00e9e des arts et traditions populaires \u00ab\u00a0Angeliki Hadjimichali\u00a0\u00bb<\/span><\/a><\/p>\n<p><a class=\"brown psomilist\" href=\"https:\/\/mouseio-psomiou.com\/fr\/le-musee-du-pain-europeen-et-dart-a-pedion-areos\/\"><span class=\"dp\">Le Mus\u00e9e du Pain Europ\u00e9en et d\u2019art \u00e0 Pedion Areos<\/span><\/a><\/p>\n<p><a class=\"orange psomilist\" href=\"https:\/\/mouseio-psomiou.com\/fr\/le-pain-de-la-paix\/\"><span class=\"dp\">Le Pain de la Paix<\/span><\/a><\/p>\n<p><a class=\"brown psomilist\" href=\"https:\/\/mouseio-psomiou.com\/fr\/les-rues-du-pain-dans-la-municipalite-de-nea-smyrni\/\"><span class=\"dp\">Les rues du pain dans la municipalit\u00e9 de Nea Smyrni<\/span><\/a><\/p>\n<p><a class=\"red psomilist\" href=\"https:\/\/mouseio-psomiou.com\/fr\/les-rues-du-pain-dans-la-municipalite-de-zefiri\/\"><span class=\"dp\">Les rues du pain dans la municipalit\u00e9 de Zefiri<\/span><\/a><\/p>\n<p><a class=\"blue psomilist\" href=\"https:\/\/mouseio-psomiou.com\/fr\/les-rues-du-pain-dans-la-municipalite-de-leucade\/\"><span class=\"dp\">Les rues du pain dans la municipalit\u00e9 de Leucade<\/span><\/a><\/p>\n<p><a class=\"brown psomilist\" href=\"https:\/\/mouseio-psomiou.com\/fr\/les-rues-du-pain-a-milan\/\"><span class=\"dp\">Les rues du pain \u00e0 Milan<\/span><\/a><\/p>\n<p><a class=\"orange psomilist\" href=\"https:\/\/mouseio-psomiou.com\/fr\/les-rues-du-pain-rencontrent-le-cercle-de-tabac-a-kavala\/\"><span class=\"dp\">Les \u00ab\u00a0Rues du Pain\u00a0\u00bb rencontrent le cercle de tabac \u00e0 Kavala<\/span><\/a><\/p>\n<p><a class=\"blue psomilist\" href=\"https:\/\/mouseio-psomiou.com\/fr\/les-rues-du-pain-dans-la-municipalite-doropos\/\"><span class=\"dp\">Les rues du pain dans la municipalit\u00e9 d&rsquo;Oropos<\/span><\/a>[\/et_pb_text][\/et_pb_column][\/et_pb_row][\/et_pb_section]<\/p>\n<span class=\"et_bloom_bottom_trigger\"><\/span>","protected":false},"excerpt":{"rendered":"<p>L&rsquo;exposition \u00ab\u00a0Les rues du pain\u00a0\u00bb se d\u00e9roule dans diff\u00e9rentes r\u00e9gions de Gr\u00e8ce et \u00e0 l&rsquo;\u00e9tranger et est inextricablement li\u00e9e \u00e0 l&rsquo;environnement et \u00e0 l&rsquo;art, son objectif \u00e9tant de pr\u00e9server, de promouvoir et de respecter la terre nourrici\u00e8re et le patrimoine culturel de notre pays. Les c\u00e9r\u00e9ales, un produit de la terre si important pour les [&hellip;]<\/p>\n","protected":false},"author":1,"featured_media":0,"parent":0,"menu_order":0,"comment_status":"closed","ping_status":"closed","template":"","meta":{"_et_pb_use_builder":"on","_et_pb_old_content":"","_et_gb_content_width":"","ngg_post_thumbnail":0,"footnotes":""},"class_list":["post-3194","page","type-page","status-publish","hentry"],"_links":{"self":[{"href":"https:\/\/mouseio-psomiou.com\/fr\/wp-json\/wp\/v2\/pages\/3194","targetHints":{"allow":["GET"]}}],"collection":[{"href":"https:\/\/mouseio-psomiou.com\/fr\/wp-json\/wp\/v2\/pages"}],"about":[{"href":"https:\/\/mouseio-psomiou.com\/fr\/wp-json\/wp\/v2\/types\/page"}],"author":[{"embeddable":true,"href":"https:\/\/mouseio-psomiou.com\/fr\/wp-json\/wp\/v2\/users\/1"}],"replies":[{"embeddable":true,"href":"https:\/\/mouseio-psomiou.com\/fr\/wp-json\/wp\/v2\/comments?post=3194"}],"version-history":[{"count":33,"href":"https:\/\/mouseio-psomiou.com\/fr\/wp-json\/wp\/v2\/pages\/3194\/revisions"}],"predecessor-version":[{"id":3287,"href":"https:\/\/mouseio-psomiou.com\/fr\/wp-json\/wp\/v2\/pages\/3194\/revisions\/3287"}],"wp:attachment":[{"href":"https:\/\/mouseio-psomiou.com\/fr\/wp-json\/wp\/v2\/media?parent=3194"}],"curies":[{"name":"wp","href":"https:\/\/api.w.org\/{rel}","templated":true}]}}