{"id":3307,"date":"2016-12-06T11:24:21","date_gmt":"2016-12-06T09:24:21","guid":{"rendered":"https:\/\/mouseio-psomiou.com\/ekdoseis\/"},"modified":"2024-02-24T14:02:08","modified_gmt":"2024-02-24T12:02:08","slug":"publications","status":"publish","type":"page","link":"https:\/\/mouseio-psomiou.com\/fr\/publications\/","title":{"rendered":"Publications"},"content":{"rendered":"<p>[et_pb_section fb_built=\u00a0\u00bb1&Prime; custom_padding_last_edited=\u00a0\u00bbon|desktop\u00a0\u00bb admin_label=\u00a0\u00bbsection\u00a0\u00bb module_class=\u00a0\u00bbtopsection\u00a0\u00bb _builder_version=\u00a0\u00bb4.16&Prime; custom_padding_tablet=\u00a0\u00bb50px|0|50px|0&Prime; custom_padding_phone=\u00a0\u00bb\u00a0\u00bb transparent_background=\u00a0\u00bboff\u00a0\u00bb padding_mobile=\u00a0\u00bboff\u00a0\u00bb make_fullwidth=\u00a0\u00bboff\u00a0\u00bb use_custom_width=\u00a0\u00bboff\u00a0\u00bb width_unit=\u00a0\u00bbon\u00a0\u00bb global_colors_info=\u00a0\u00bb{}\u00a0\u00bb theme_builder_area=\u00a0\u00bbpost_content\u00a0\u00bb][et_pb_row column_structure=\u00a0\u00bb2_3,1_3&Prime; _builder_version=\u00a0\u00bb4.20.4&Prime; _module_preset=\u00a0\u00bbdefault\u00a0\u00bb width=\u00a0\u00bb100%\u00a0\u00bb global_colors_info=\u00a0\u00bb{}\u00a0\u00bb theme_builder_area=\u00a0\u00bbpost_content\u00a0\u00bb][et_pb_column type=\u00a0\u00bb2_3&Prime; _builder_version=\u00a0\u00bb4.20.4&Prime; _module_preset=\u00a0\u00bbdefault\u00a0\u00bb global_colors_info=\u00a0\u00bb{}\u00a0\u00bb theme_builder_area=\u00a0\u00bbpost_content\u00a0\u00bb][et_pb_text _builder_version=\u00a0\u00bb4.24.2&Prime; _module_preset=\u00a0\u00bbdefault\u00a0\u00bb hover_enabled=\u00a0\u00bb0&Prime; global_colors_info=\u00a0\u00bb{}\u00a0\u00bb theme_builder_area=\u00a0\u00bbpost_content\u00a0\u00bb sticky_enabled=\u00a0\u00bb0&Prime;]<\/p>\n<h2>Le pain en M\u00e9diterran\u00e9e : Une \u00e9dition de luxe de 80 pages du Mus\u00e9e du Pain Europ\u00e9en<\/h2>\n<p><em>\u00ab\u00a0Un peu de pain, une cro\u00fbte, une miette<\/em><\/p>\n<p><em>peut garder l&rsquo;\u00e2me en vie\u00a0\u00bb<\/em><\/p>\n<p><em> Emily Dickinson (1830-1886)<\/em><\/p>\n<p>Tout au long de l&rsquo;histoire de l&rsquo;humanit\u00e9, le pain a fait l&rsquo;objet de plus d&rsquo;\u00e9loges que n&rsquo;importe quel autre aliment. Et \u00e0 juste titre, car il n&rsquo;est pas seulement un moyen de se nourrir, mais fait partie int\u00e9grante de la tradition, de la culture et de l&rsquo;h\u00e9ritage de chaque lieu. En tant que moyen de survie de base, surtout dans les temps anciens, il est \u00e9troitement li\u00e9 \u00e0 la vie des gens, de sorte que sa pr\u00e9sence d\u00e9passe le cadre \u00e9troit de l&rsquo;alimentation. Le pain est un instrument des rituels religieux et accompagne les coutumes et les traditions \u00e0 chaque moment fort de la vie quotidienne : naissance, mariage et mort.<\/p>\n<p>La publication du Mus\u00e9e europ\u00e9en du pain de la Soci\u00e9t\u00e9 folklorique du Mus\u00e9e Barnab\u00e9 (municipalit\u00e9 de Marathon) tente de transmettre dans ses 80 pages, principalement par le pouvoir des images, l&rsquo;importance du pain dans la M\u00e9diterran\u00e9e et dans les r\u00e9gions avec lesquelles la M\u00e9diterran\u00e9e partage un chemin commun \u00e0 travers les si\u00e8cles. Les images du pain en tant qu&rsquo;aliment, mais aussi en tant qu&rsquo;art expos\u00e9, provenant des pays des Balkans, d&rsquo;Afrique du Nord, du Proche-Orient, mais aussi de Russie, de G\u00e9orgie et d&rsquo;Ukraine, montrent les perceptions communes, les pratiques de vie et mettent en \u00e9vidence les conditions de vie particuli\u00e8res et l&rsquo;unicit\u00e9 de la culture de chaque peuple.<\/p>\n<p>En tant que t\u00e9moignage de la culture et de la tradition, cet effort aspire \u00e0 \u00eatre une petite contribution au rapprochement des peuples, \u00e0 la construction de l&rsquo;amiti\u00e9 et \u00e0 la coop\u00e9ration en ces temps difficiles et turbulents. Plus important encore, il rappelle que pour les gens ordinaires, les difficult\u00e9s, les espoirs et les r\u00eaves sont communs et qu&rsquo;il y a beaucoup plus de choses qui nous unissent que de choses qui nous divisent. Comme du pain b\u00e9nit&#8230;<\/p>\n<p>Le livre, qui est bilingue (grec et anglais), est disponible aupr\u00e8s de l&rsquo;organisation \u00e0 son si\u00e8ge (7 Androutsou 7 Varnavas, Attique) au prix de quinze (15) euros ainsi que dans les librairies d&rsquo;Ath\u00e8nes.[\/et_pb_text][\/et_pb_column][et_pb_column type=\u00a0\u00bb1_3&Prime; _builder_version=\u00a0\u00bb4.20.4&Prime; _module_preset=\u00a0\u00bbdefault\u00a0\u00bb global_colors_info=\u00a0\u00bb{}\u00a0\u00bb theme_builder_area=\u00a0\u00bbpost_content\u00a0\u00bb][et_pb_image src=\u00a0\u00bbhttps:\/\/mouseio-psomiou.com\/wp-content\/uploads\/2018\/03\/to_psomi_sti_mesogio.jpg\u00a0\u00bb _builder_version=\u00a0\u00bb4.20.4&Prime; _module_preset=\u00a0\u00bbdefault\u00a0\u00bb global_colors_info=\u00a0\u00bb{}\u00a0\u00bb theme_builder_area=\u00a0\u00bbpost_content\u00a0\u00bb][\/et_pb_image][\/et_pb_column][\/et_pb_row][et_pb_row column_structure=\u00a0\u00bb2_3,1_3&Prime; _builder_version=\u00a0\u00bb4.20.4&Prime; _module_preset=\u00a0\u00bbdefault\u00a0\u00bb width=\u00a0\u00bb100%\u00a0\u00bb custom_padding=\u00a0\u00bb40px||40px||true|false\u00a0\u00bb global_colors_info=\u00a0\u00bb{}\u00a0\u00bb theme_builder_area=\u00a0\u00bbpost_content\u00a0\u00bb][et_pb_column type=\u00a0\u00bb2_3&Prime; _builder_version=\u00a0\u00bb4.20.4&Prime; _module_preset=\u00a0\u00bbdefault\u00a0\u00bb global_colors_info=\u00a0\u00bb{}\u00a0\u00bb theme_builder_area=\u00a0\u00bbpost_content\u00a0\u00bb][et_pb_text _builder_version=\u00a0\u00bb4.24.2&Prime; _module_preset=\u00a0\u00bbdefault\u00a0\u00bb hover_enabled=\u00a0\u00bb0&Prime; global_colors_info=\u00a0\u00bb{}\u00a0\u00bb theme_builder_area=\u00a0\u00bbpost_content\u00a0\u00bb sticky_enabled=\u00a0\u00bb0&Prime;]<\/p>\n<h2>Les broderie dessins<\/h2>\n<p>Cet album bilingue (grec et anglais) pr\u00e9sente <strong>cinquante-deux \u00ab\u00a0pains brod\u00e9s\u00a0\u00bb<\/strong> et <strong>quarante-sept dessins<\/strong> provenant <strong>de Gr\u00e8ce et de l&rsquo;\u00e9tranger<\/strong>.<\/p>\n<p><strong>Ann\u00e9e de publication 2007<\/strong><\/p>\n<p><span style=\"color: #e02b20;\">\u00c9puis\u00e9<\/span>[\/et_pb_text][\/et_pb_column][et_pb_column type=\u00a0\u00bb1_3&Prime; _builder_version=\u00a0\u00bb4.20.4&Prime; _module_preset=\u00a0\u00bbdefault\u00a0\u00bb global_colors_info=\u00a0\u00bb{}\u00a0\u00bb theme_builder_area=\u00a0\u00bbpost_content\u00a0\u00bb][et_pb_image src=\u00a0\u00bbhttps:\/\/mouseio-psomiou.com\/wp-content\/uploads\/2016\/12\/ekdoseis1.jpg\u00a0\u00bb _builder_version=\u00a0\u00bb4.20.4&Prime; _module_preset=\u00a0\u00bbdefault\u00a0\u00bb global_colors_info=\u00a0\u00bb{}\u00a0\u00bb theme_builder_area=\u00a0\u00bbpost_content\u00a0\u00bb][\/et_pb_image][\/et_pb_column][\/et_pb_row][et_pb_row column_structure=\u00a0\u00bb2_3,1_3&Prime; _builder_version=\u00a0\u00bb4.20.4&Prime; _module_preset=\u00a0\u00bbdefault\u00a0\u00bb width=\u00a0\u00bb100%\u00a0\u00bb custom_padding=\u00a0\u00bb40px||40px||true|false\u00a0\u00bb global_colors_info=\u00a0\u00bb{}\u00a0\u00bb theme_builder_area=\u00a0\u00bbpost_content\u00a0\u00bb][et_pb_column type=\u00a0\u00bb2_3&Prime; _builder_version=\u00a0\u00bb4.20.4&Prime; _module_preset=\u00a0\u00bbdefault\u00a0\u00bb global_colors_info=\u00a0\u00bb{}\u00a0\u00bb theme_builder_area=\u00a0\u00bbpost_content\u00a0\u00bb][et_pb_text _builder_version=\u00a0\u00bb4.24.2&Prime; _module_preset=\u00a0\u00bbdefault\u00a0\u00bb hover_enabled=\u00a0\u00bb0&Prime; global_colors_info=\u00a0\u00bb{}\u00a0\u00bb theme_builder_area=\u00a0\u00bbpost_content\u00a0\u00bb sticky_enabled=\u00a0\u00bb0&Prime;]<\/p>\n<h2>Nutrition et sant\u00e9<\/h2>\n<p>Ce livre contient <strong>les actes d&rsquo;un symposium<\/strong> sur la <strong>nutrition et la sant\u00e9<\/strong>. Participent \u00e0 la s\u00e9rie de conf\u00e9rences la Soci\u00e9t\u00e9 folklorique de Varnavas, le Mus\u00e9e folklorique interactif de Varnavas, le Mus\u00e9e europ\u00e9en du pain, la Soci\u00e9t\u00e9 d&rsquo;int\u00e9r\u00eat public de la municipalit\u00e9 de Marathon, le Centre d&rsquo;\u00e9tude du folklore grec de l&rsquo;Acad\u00e9mie d&rsquo;Ath\u00e8nes, l&rsquo;Universit\u00e9 nationale et kapodistrienne d&rsquo;Ath\u00e8nes, l&rsquo;Universit\u00e9 agricole d&rsquo;Ath\u00e8nes, l&rsquo;Association des Karditsiotes de l&rsquo;Attique, l&rsquo;Association des Thessaliens \u00ab\u00a0Deucaliens\u00a0\u00bb, le Comit\u00e9 de lutte contre la fonderie Grammatikou, des professeurs et des politologues.<\/p>\n<p><strong>Ann\u00e9e de publication 2011<\/strong><\/p>\n<p><span style=\"color: #e02b20;\">\u00c9puis\u00e9<\/span>[\/et_pb_text][\/et_pb_column][et_pb_column type=\u00a0\u00bb1_3&Prime; _builder_version=\u00a0\u00bb4.20.4&Prime; _module_preset=\u00a0\u00bbdefault\u00a0\u00bb global_colors_info=\u00a0\u00bb{}\u00a0\u00bb theme_builder_area=\u00a0\u00bbpost_content\u00a0\u00bb][et_pb_image src=\u00a0\u00bbhttps:\/\/mouseio-psomiou.com\/wp-content\/uploads\/2016\/12\/ekdoseis2.jpg\u00a0\u00bb _builder_version=\u00a0\u00bb4.20.4&Prime; _module_preset=\u00a0\u00bbdefault\u00a0\u00bb global_colors_info=\u00a0\u00bb{}\u00a0\u00bb theme_builder_area=\u00a0\u00bbpost_content\u00a0\u00bb][\/et_pb_image][\/et_pb_column][\/et_pb_row][et_pb_row column_structure=\u00a0\u00bb2_3,1_3&Prime; column_padding_mobile=\u00a0\u00bbon\u00a0\u00bb admin_label=\u00a0\u00bbrow\u00a0\u00bb _builder_version=\u00a0\u00bb4.20.4&Prime; background_size=\u00a0\u00bbinitial\u00a0\u00bb background_position=\u00a0\u00bbtop_left\u00a0\u00bb background_repeat=\u00a0\u00bbrepeat\u00a0\u00bb width=\u00a0\u00bb100%\u00a0\u00bb custom_padding=\u00a0\u00bb40px||40px||true|false\u00a0\u00bb make_fullwidth=\u00a0\u00bboff\u00a0\u00bb use_custom_width=\u00a0\u00bboff\u00a0\u00bb width_unit=\u00a0\u00bbon\u00a0\u00bb global_colors_info=\u00a0\u00bb{}\u00a0\u00bb theme_builder_area=\u00a0\u00bbpost_content\u00a0\u00bb][et_pb_column type=\u00a0\u00bb2_3&Prime; _builder_version=\u00a0\u00bb4.16&Prime; custom_padding=\u00a0\u00bb|||\u00a0\u00bb global_colors_info=\u00a0\u00bb{}\u00a0\u00bb custom_padding__hover=\u00a0\u00bb|||\u00a0\u00bb theme_builder_area=\u00a0\u00bbpost_content\u00a0\u00bb][et_pb_text admin_label=\u00a0\u00bbText\u00a0\u00bb _builder_version=\u00a0\u00bb4.24.2&Prime; background_size=\u00a0\u00bbinitial\u00a0\u00bb background_position=\u00a0\u00bbtop_left\u00a0\u00bb background_repeat=\u00a0\u00bbrepeat\u00a0\u00bb hover_enabled=\u00a0\u00bb0&Prime; use_border_color=\u00a0\u00bboff\u00a0\u00bb border_color=\u00a0\u00bb#ffffff\u00a0\u00bb border_style=\u00a0\u00bbsolid\u00a0\u00bb global_colors_info=\u00a0\u00bb{}\u00a0\u00bb theme_builder_area=\u00a0\u00bbpost_content\u00a0\u00bb sticky_enabled=\u00a0\u00bb0&Prime;]<\/p>\n<h2>Pain d&rsquo;adoration<\/h2>\n<p>Le livre contient <strong>cent cinquante (150) pains religieux &#8211; pains de d\u00e9votion &#8211; pains et v\u0153ux<\/strong>, provenant d&rsquo;institutions de notre pays et de l&rsquo;\u00e9tranger (prosphora, pains traditionnels, pains monastiques, Pains d\u00e9di\u00e9s aux saints, pains de No\u00ebl et de P\u00e2ques, pains de bapt\u00eame, de fian\u00e7ailles et de mariage, pains pour le t\u00e9moin, pour les cadeaux de la mari\u00e9e, etc. La publication est bilingue (grec et anglais) et est introduite par l&rsquo;<strong>archev\u00eaque d&rsquo;Ath\u00e8nes et de toute la Gr\u00e8ce, Hieronymos II<\/strong>, qui a inaugur\u00e9 l&rsquo;exposition aux mus\u00e9es Barnab\u00e9. Il s&rsquo;agit d&rsquo;un livre \u00a0\u00bb bijou \u00a0\u00bb &#8211; un album, tr\u00e8s instructif sur le pain de d\u00e9votion gr\u00e2ce \u00e0 de nombreuses ann\u00e9es de recherche. Le livre &#8211; album <strong>\u00ab\u00a0Pain d&rsquo;adoration\u00a0\u00bb<\/strong> est actuellement disponible dans les librairies de l&rsquo;\u00e9glise (Diaconie apostolique, 2 Dragatsaniou Pl. Klathmonos &#8211; Agathos Logos, Lagumitzi 42 N. Kosmos, Lyhnos, L. Veikou &#038; Messinia 2 Galati, Christian Education, Themisos 4 Marousi), IANO (Athens Stadiou 24 &#8211; Thessaloniki Aristotelous 7), Votoria (Athens Gravia 3-5 pl. Kaniggos) et les bureaux du Mus\u00e9e europ\u00e9en d&rsquo;art \u00e0 Barnabas (Androutsou 7, 2295097870).<\/p>\n<p><strong>Ann\u00e9e de publication 2016<\/strong>[\/et_pb_text][\/et_pb_column][et_pb_column type=\u00a0\u00bb1_3&Prime; _builder_version=\u00a0\u00bb4.16&Prime; custom_padding=\u00a0\u00bb|||\u00a0\u00bb global_colors_info=\u00a0\u00bb{}\u00a0\u00bb custom_padding__hover=\u00a0\u00bb|||\u00a0\u00bb theme_builder_area=\u00a0\u00bbpost_content\u00a0\u00bb][et_pb_image src=\u00a0\u00bbhttp:\/\/mouseio-psomiou.com\/wp-content\/uploads\/2016\/12\/ekdoseis3.jpg\u00a0\u00bb admin_label=\u00a0\u00bbImage\u00a0\u00bb _builder_version=\u00a0\u00bb4.16&Prime; max_width_last_edited=\u00a0\u00bboff|desktop\u00a0\u00bb use_border_color=\u00a0\u00bboff\u00a0\u00bb border_color=\u00a0\u00bb#ffffff\u00a0\u00bb border_style=\u00a0\u00bbsolid\u00a0\u00bb animation=\u00a0\u00bboff\u00a0\u00bb sticky=\u00a0\u00bboff\u00a0\u00bb always_center_on_mobile=\u00a0\u00bboff\u00a0\u00bb global_colors_info=\u00a0\u00bb{}\u00a0\u00bb theme_builder_area=\u00a0\u00bbpost_content\u00a0\u00bb][\/et_pb_image][\/et_pb_column][\/et_pb_row][et_pb_row admin_label=\u00a0\u00bbRow\u00a0\u00bb _builder_version=\u00a0\u00bb4.20.4&Prime; background_size=\u00a0\u00bbinitial\u00a0\u00bb background_position=\u00a0\u00bbtop_left\u00a0\u00bb background_repeat=\u00a0\u00bbrepeat\u00a0\u00bb width=\u00a0\u00bb100%\u00a0\u00bb global_colors_info=\u00a0\u00bb{}\u00a0\u00bb theme_builder_area=\u00a0\u00bbpost_content\u00a0\u00bb][et_pb_column type=\u00a0\u00bb4_4&Prime; _builder_version=\u00a0\u00bb4.16&Prime; custom_padding=\u00a0\u00bb|||\u00a0\u00bb global_colors_info=\u00a0\u00bb{}\u00a0\u00bb custom_padding__hover=\u00a0\u00bb|||\u00a0\u00bb theme_builder_area=\u00a0\u00bbpost_content\u00a0\u00bb][et_pb_text admin_label=\u00a0\u00bbText\u00a0\u00bb _builder_version=\u00a0\u00bb4.24.2&Prime; background_size=\u00a0\u00bbinitial\u00a0\u00bb background_position=\u00a0\u00bbtop_left\u00a0\u00bb background_repeat=\u00a0\u00bbrepeat\u00a0\u00bb hover_enabled=\u00a0\u00bb0&Prime; use_border_color=\u00a0\u00bboff\u00a0\u00bb border_color=\u00a0\u00bb#ffffff\u00a0\u00bb border_style=\u00a0\u00bbsolid\u00a0\u00bb global_colors_info=\u00a0\u00bb{}\u00a0\u00bb theme_builder_area=\u00a0\u00bbpost_content\u00a0\u00bb sticky_enabled=\u00a0\u00bb0&Prime;]<span style=\"font-size: 14px;\"><strong>Pour les commandes contactez-nous par t\u00e9l\u00e9phone au 2950 97870 ou \u00e0\u00a0<a href=\"mailto:museo@ilmb.gr\" target=\"_blank\" rel=\"noopener noreferrer\">museo@ilmb.gr<\/a><\/strong><\/span>[\/et_pb_text][\/et_pb_column][\/et_pb_row][\/et_pb_section]<\/p>\n<span class=\"et_bloom_bottom_trigger\"><\/span>","protected":false},"excerpt":{"rendered":"<p>Le pain en M\u00e9diterran\u00e9e : Une \u00e9dition de luxe de 80 pages du Mus\u00e9e du Pain Europ\u00e9en \u00ab\u00a0Un peu de pain, une cro\u00fbte, une miette peut garder l&rsquo;\u00e2me en vie\u00a0\u00bb Emily Dickinson (1830-1886) Tout au long de l&rsquo;histoire de l&rsquo;humanit\u00e9, le pain a fait l&rsquo;objet de plus d&rsquo;\u00e9loges que n&rsquo;importe quel autre aliment. Et \u00e0 [&hellip;]<\/p>\n","protected":false},"author":1,"featured_media":0,"parent":0,"menu_order":0,"comment_status":"closed","ping_status":"closed","template":"","meta":{"_et_pb_use_builder":"on","_et_pb_old_content":"","_et_gb_content_width":"","ngg_post_thumbnail":0,"footnotes":""},"class_list":["post-3307","page","type-page","status-publish","hentry"],"_links":{"self":[{"href":"https:\/\/mouseio-psomiou.com\/fr\/wp-json\/wp\/v2\/pages\/3307","targetHints":{"allow":["GET"]}}],"collection":[{"href":"https:\/\/mouseio-psomiou.com\/fr\/wp-json\/wp\/v2\/pages"}],"about":[{"href":"https:\/\/mouseio-psomiou.com\/fr\/wp-json\/wp\/v2\/types\/page"}],"author":[{"embeddable":true,"href":"https:\/\/mouseio-psomiou.com\/fr\/wp-json\/wp\/v2\/users\/1"}],"replies":[{"embeddable":true,"href":"https:\/\/mouseio-psomiou.com\/fr\/wp-json\/wp\/v2\/comments?post=3307"}],"version-history":[{"count":8,"href":"https:\/\/mouseio-psomiou.com\/fr\/wp-json\/wp\/v2\/pages\/3307\/revisions"}],"predecessor-version":[{"id":3319,"href":"https:\/\/mouseio-psomiou.com\/fr\/wp-json\/wp\/v2\/pages\/3307\/revisions\/3319"}],"wp:attachment":[{"href":"https:\/\/mouseio-psomiou.com\/fr\/wp-json\/wp\/v2\/media?parent=3307"}],"curies":[{"name":"wp","href":"https:\/\/api.w.org\/{rel}","templated":true}]}}